{"id":3053,"date":"2023-09-25T19:14:47","date_gmt":"2023-09-25T19:14:47","guid":{"rendered":"http:\/\/elsolfestival.pl\/hotels-copy\/"},"modified":"2025-05-03T18:43:04","modified_gmt":"2025-05-03T16:43:04","slug":"public-transport","status":"publish","type":"page","link":"http:\/\/elsolfestival.pl\/pl\/hotele\/transport-publiczny\/","title":{"rendered":"Transport publiczny"},"content":{"rendered":"<div data-elementor-type=\"wp-page\" data-elementor-id=\"3053\" class=\"elementor elementor-3053\" data-elementor-post-type=\"page\">\n\t\t\t\t\t\t\t\t\t<section class=\"elementor-section elementor-top-section elementor-element elementor-element-f21cb41 elementor-section-full_width elementor-section-height-min-height elementor-section-items-top elementor-section-height-default\" data-id=\"f21cb41\" data-element_type=\"section\" data-settings=\"{&quot;jet_parallax_layout_list&quot;:[],&quot;background_background&quot;:&quot;classic&quot;}\" data-e-bg-lazyload=\"\">\n\t\t\t\t\t\t<div class=\"elementor-container elementor-column-gap-default\">\n\t\t\t\t\t<div class=\"elementor-column elementor-col-100 elementor-top-column elementor-element elementor-element-9557a7f\" data-id=\"9557a7f\" data-element_type=\"column\">\n\t\t\t<div class=\"elementor-widget-wrap elementor-element-populated\">\n\t\t\t\t\t\t\t\t<section class=\"elementor-section elementor-inner-section elementor-element elementor-element-7d463b4 elementor-section-boxed elementor-section-height-default elementor-section-height-default\" data-id=\"7d463b4\" data-element_type=\"section\" data-settings=\"{&quot;jet_parallax_layout_list&quot;:[],&quot;background_background&quot;:&quot;classic&quot;}\">\n\t\t\t\t\t\t<div class=\"elementor-container elementor-column-gap-default\">\n\t\t\t\t\t<div class=\"elementor-column elementor-col-100 elementor-inner-column elementor-element elementor-element-822d704\" data-id=\"822d704\" data-element_type=\"column\">\n\t\t\t<div class=\"elementor-widget-wrap elementor-element-populated\">\n\t\t\t\t\t\t\t\t<div class=\"elementor-element elementor-element-da6f74a elementor-widget elementor-widget-heading\" data-id=\"da6f74a\" data-element_type=\"widget\" data-widget_type=\"heading.default\">\n\t\t\t\t<div class=\"elementor-widget-container\">\n\t\t\t<style>\/*! elementor - v3.16.0 - 20-09-2023 *\/\n.elementor-heading-title{padding:0;margin:0;line-height:1}.elementor-widget-heading .elementor-heading-title[class*=elementor-size-]>a{color:inherit;font-size:inherit;line-height:inherit}.elementor-widget-heading .elementor-heading-title.elementor-size-small{font-size:15px}.elementor-widget-heading .elementor-heading-title.elementor-size-medium{font-size:19px}.elementor-widget-heading .elementor-heading-title.elementor-size-large{font-size:29px}.elementor-widget-heading .elementor-heading-title.elementor-size-xl{font-size:39px}.elementor-widget-heading .elementor-heading-title.elementor-size-xxl{font-size:59px}<\/style><h1 class=\"elementor-heading-title elementor-size-default\">Transport<\/h1>\t\t<\/div>\n\t\t\t\t<\/div>\n\t\t\t\t\t<\/div>\n\t\t<\/div>\n\t\t\t\t\t\t\t<\/div>\n\t\t<\/section>\n\t\t\t\t<div class=\"elementor-element elementor-element-cfb3b23 elementor-widget__width-initial elementor-absolute elementor-hidden-mobile elementor-widget elementor-widget-image\" data-id=\"cfb3b23\" data-element_type=\"widget\" data-settings=\"{&quot;_position&quot;:&quot;absolute&quot;}\" data-widget_type=\"image.default\">\n\t\t\t\t<div class=\"elementor-widget-container\">\n\t\t\t<style>\/*! elementor - v3.16.0 - 20-09-2023 *\/\n.elementor-widget-image{text-align:center}.elementor-widget-image a{display:inline-block}.elementor-widget-image a img[src$=\".svg\"]{width:48px}.elementor-widget-image img{vertical-align:middle;display:inline-block}<\/style>\t\t\t\t\t\t\t\t\t\t\t\t<img decoding=\"async\" width=\"840\" height=\"1024\" src=\"https:\/\/elsolfestival.pl\/wp-content\/uploads\/2023\/09\/hotels-2.svg\" class=\"attachment-large size-large wp-image-2415\" alt=\"\" \/>\t\t\t\t\t\t\t\t\t\t\t\t\t\t\t<\/div>\n\t\t\t\t<\/div>\n\t\t\t\t<div class=\"elementor-element elementor-element-91b30d9 elementor-widget__width-initial elementor-absolute elementor-hidden-tablet elementor-widget elementor-widget-image\" data-id=\"91b30d9\" data-element_type=\"widget\" data-settings=\"{&quot;_position&quot;:&quot;absolute&quot;}\" data-widget_type=\"image.default\">\n\t\t\t\t<div class=\"elementor-widget-container\">\n\t\t\t\t\t\t\t\t\t\t\t\t\t\t\t<img decoding=\"async\" width=\"883\" height=\"1024\" src=\"https:\/\/elsolfestival.pl\/wp-content\/uploads\/2023\/09\/hotels-1.svg\" class=\"attachment-large size-large wp-image-2413\" alt=\"\" \/>\t\t\t\t\t\t\t\t\t\t\t\t\t\t\t<\/div>\n\t\t\t\t<\/div>\n\t\t\t\t\t<\/div>\n\t\t<\/div>\n\t\t\t\t\t\t\t<\/div>\n\t\t<\/section>\n\t\t\t\t<section class=\"elementor-section elementor-top-section elementor-element elementor-element-8c9a081 elementor-section-boxed elementor-section-height-default elementor-section-height-default\" data-id=\"8c9a081\" data-element_type=\"section\" data-settings=\"{&quot;jet_parallax_layout_list&quot;:[],&quot;background_background&quot;:&quot;classic&quot;}\">\n\t\t\t\t\t\t<div class=\"elementor-container elementor-column-gap-default\">\n\t\t\t\t\t<div class=\"elementor-column elementor-col-100 elementor-top-column elementor-element elementor-element-08528cc\" data-id=\"08528cc\" data-element_type=\"column\" id=\"air\" data-settings=\"{&quot;background_background&quot;:&quot;classic&quot;}\">\n\t\t\t<div class=\"elementor-widget-wrap elementor-element-populated\">\n\t\t\t\t\t\t\t\t<section class=\"elementor-section elementor-inner-section elementor-element elementor-element-ef1286d elementor-hidden-mobile elementor-section-boxed elementor-section-height-default elementor-section-height-default\" data-id=\"ef1286d\" data-element_type=\"section\" data-settings=\"{&quot;jet_parallax_layout_list&quot;:[],&quot;sticky&quot;:&quot;top&quot;,&quot;sticky_offset&quot;:100,&quot;sticky_on&quot;:[&quot;desktop&quot;,&quot;laptop&quot;,&quot;tablet&quot;,&quot;mobile&quot;],&quot;sticky_effects_offset&quot;:0}\">\n\t\t\t\t\t\t<div class=\"elementor-container elementor-column-gap-default\">\n\t\t\t\t\t<div class=\"elementor-column elementor-col-50 elementor-inner-column elementor-element elementor-element-c932985\" data-id=\"c932985\" data-element_type=\"column\">\n\t\t\t<div class=\"elementor-widget-wrap\">\n\t\t\t\t\t\t\t\t\t<\/div>\n\t\t<\/div>\n\t\t\t\t<div class=\"elementor-column elementor-col-50 elementor-inner-column elementor-element elementor-element-899b155\" data-id=\"899b155\" data-element_type=\"column\" data-settings=\"{&quot;background_background&quot;:&quot;classic&quot;}\" data-e-bg-lazyload=\".elementor-element-populated\">\n\t\t\t<div class=\"elementor-widget-wrap elementor-element-populated\">\n\t\t\t\t\t\t\t\t<div class=\"elementor-element elementor-element-9f466bb elementor-widget elementor-widget-heading\" data-id=\"9f466bb\" data-element_type=\"widget\" data-widget_type=\"heading.default\">\n\t\t\t\t<div class=\"elementor-widget-container\">\n\t\t\t<p class=\"elementor-heading-title elementor-size-default\">Jak do nas dotrze\u0107?<\/p>\t\t<\/div>\n\t\t\t\t<\/div>\n\t\t\t\t<div class=\"elementor-element elementor-element-5fd70c9 elementor-align-justify elementor-widget elementor-widget-button\" data-id=\"5fd70c9\" data-element_type=\"widget\" data-widget_type=\"button.default\">\n\t\t\t\t<div class=\"elementor-widget-container\">\n\t\t\t\t\t<div class=\"elementor-button-wrapper\">\n\t\t\t<a class=\"elementor-button elementor-button-link elementor-size-sm\" href=\"#air\">\n\t\t\t\t\t\t<span class=\"elementor-button-content-wrapper\">\n\t\t\t\t\t\t<span class=\"elementor-button-text\">Samolotem<\/span>\n\t\t<\/span>\n\t\t\t\t\t<\/a>\n\t\t<\/div>\n\t\t\t\t<\/div>\n\t\t\t\t<\/div>\n\t\t\t\t<div class=\"elementor-element elementor-element-1fdb45b elementor-align-justify elementor-widget elementor-widget-button\" data-id=\"1fdb45b\" data-element_type=\"widget\" data-widget_type=\"button.default\">\n\t\t\t\t<div class=\"elementor-widget-container\">\n\t\t\t\t\t<div class=\"elementor-button-wrapper\">\n\t\t\t<a class=\"elementor-button elementor-button-link elementor-size-sm\" href=\"#train\">\n\t\t\t\t\t\t<span class=\"elementor-button-content-wrapper\">\n\t\t\t\t\t\t<span class=\"elementor-button-text\">Poci\u0105giem<\/span>\n\t\t<\/span>\n\t\t\t\t\t<\/a>\n\t\t<\/div>\n\t\t\t\t<\/div>\n\t\t\t\t<\/div>\n\t\t\t\t<div class=\"elementor-element elementor-element-defdf13 elementor-align-justify elementor-widget elementor-widget-button\" data-id=\"defdf13\" data-element_type=\"widget\" data-widget_type=\"button.default\">\n\t\t\t\t<div class=\"elementor-widget-container\">\n\t\t\t\t\t<div class=\"elementor-button-wrapper\">\n\t\t\t<a class=\"elementor-button elementor-button-link elementor-size-sm\" href=\"#car\">\n\t\t\t\t\t\t<span class=\"elementor-button-content-wrapper\">\n\t\t\t\t\t\t<span class=\"elementor-button-text\">Samochodem<\/span>\n\t\t<\/span>\n\t\t\t\t\t<\/a>\n\t\t<\/div>\n\t\t\t\t<\/div>\n\t\t\t\t<\/div>\n\t\t\t\t<div class=\"elementor-element elementor-element-5b36b93 elementor-widget elementor-widget-heading\" data-id=\"5b36b93\" data-element_type=\"widget\" data-widget_type=\"heading.default\">\n\t\t\t\t<div class=\"elementor-widget-container\">\n\t\t\t<p class=\"elementor-heading-title elementor-size-default\">Masz jakie\u015b pytania?<\/p>\t\t<\/div>\n\t\t\t\t<\/div>\n\t\t\t\t<div class=\"elementor-element elementor-element-bb3a167 elementor-widget__width-auto elementor-widget elementor-widget-button\" data-id=\"bb3a167\" data-element_type=\"widget\" data-widget_type=\"button.default\">\n\t\t\t\t<div class=\"elementor-widget-container\">\n\t\t\t\t\t<div class=\"elementor-button-wrapper\">\n\t\t\t<a class=\"elementor-button elementor-button-link elementor-size-sm\" href=\"http:\/\/elsolfestival.pl\/pl\/faq\/\" id=\"purple\">\n\t\t\t\t\t\t<span class=\"elementor-button-content-wrapper\">\n\t\t\t\t\t\t<span class=\"elementor-button-icon elementor-align-icon-right\">\n\t\t\t\t<i aria-hidden=\"true\" class=\"fas fa-arrow-circle-right\"><\/i>\t\t\t<\/span>\n\t\t\t\t\t\t<span class=\"elementor-button-text\">przejd\u017a do cz\u0119sto zadawanych pyta\u0144<\/span>\n\t\t<\/span>\n\t\t\t\t\t<\/a>\n\t\t<\/div>\n\t\t\t\t<\/div>\n\t\t\t\t<\/div>\n\t\t\t\t<div class=\"elementor-element elementor-element-d16c746 elementor-widget elementor-widget-heading\" data-id=\"d16c746\" data-element_type=\"widget\" data-widget_type=\"heading.default\">\n\t\t\t\t<div class=\"elementor-widget-container\">\n\t\t\t<p class=\"elementor-heading-title elementor-size-default\">lub skontaktuj si\u0119 z nami<\/p>\t\t<\/div>\n\t\t\t\t<\/div>\n\t\t\t\t<div class=\"elementor-element elementor-element-c25bd81 elementor-align-center elementor-tablet-align-center elementor-widget elementor-widget-button\" data-id=\"c25bd81\" data-element_type=\"widget\" data-widget_type=\"button.default\">\n\t\t\t\t<div class=\"elementor-widget-container\">\n\t\t\t\t\t<div class=\"elementor-button-wrapper\">\n\t\t\t<a class=\"elementor-button elementor-button-link elementor-size-sm\" href=\"mailto:registration@elsolfestival.pl\">\n\t\t\t\t\t\t<span class=\"elementor-button-content-wrapper\">\n\t\t\t\t\t\t<span class=\"elementor-button-icon elementor-align-icon-left\">\n\t\t\t\t<i aria-hidden=\"true\" class=\"far fa-envelope\"><\/i>\t\t\t<\/span>\n\t\t\t\t\t\t<span class=\"elementor-button-text\">registration@elsolfestival.pl<\/span>\n\t\t<\/span>\n\t\t\t\t\t<\/a>\n\t\t<\/div>\n\t\t\t\t<\/div>\n\t\t\t\t<\/div>\n\t\t\t\t\t<\/div>\n\t\t<\/div>\n\t\t\t\t\t\t\t<\/div>\n\t\t<\/section>\n\t\t\t\t<section class=\"elementor-section elementor-inner-section elementor-element elementor-element-9c0c6a5 elementor-section-boxed elementor-section-height-default elementor-section-height-default\" data-id=\"9c0c6a5\" data-element_type=\"section\" data-settings=\"{&quot;jet_parallax_layout_list&quot;:[]}\">\n\t\t\t\t\t\t<div class=\"elementor-container elementor-column-gap-default\">\n\t\t\t\t\t<div class=\"elementor-column elementor-col-100 elementor-inner-column elementor-element elementor-element-cb53b46\" data-id=\"cb53b46\" data-element_type=\"column\">\n\t\t\t<div class=\"elementor-widget-wrap elementor-element-populated\">\n\t\t\t\t\t\t\t\t<div class=\"elementor-element elementor-element-aadacff elementor-widget elementor-widget-heading\" data-id=\"aadacff\" data-element_type=\"widget\" data-widget_type=\"heading.default\">\n\t\t\t\t<div class=\"elementor-widget-container\">\n\t\t\t<h2 class=\"elementor-heading-title elementor-size-default\">Jak dotrze\u0107 na elSol samolotem?<\/h2>\t\t<\/div>\n\t\t\t\t<\/div>\n\t\t\t\t<div class=\"elementor-element elementor-element-7eedf83 elementor-widget elementor-widget-text-editor\" data-id=\"7eedf83\" data-element_type=\"widget\" data-widget_type=\"text-editor.default\">\n\t\t\t\t<div class=\"elementor-widget-container\">\n\t\t\t<style>\/*! elementor - v3.16.0 - 20-09-2023 *\/\n.elementor-widget-text-editor.elementor-drop-cap-view-stacked .elementor-drop-cap{background-color:#69727d;color:#fff}.elementor-widget-text-editor.elementor-drop-cap-view-framed .elementor-drop-cap{color:#69727d;border:3px solid;background-color:transparent}.elementor-widget-text-editor:not(.elementor-drop-cap-view-default) .elementor-drop-cap{margin-top:8px}.elementor-widget-text-editor:not(.elementor-drop-cap-view-default) .elementor-drop-cap-letter{width:1em;height:1em}.elementor-widget-text-editor .elementor-drop-cap{float:left;text-align:center;line-height:1;font-size:50px}.elementor-widget-text-editor .elementor-drop-cap-letter{display:inline-block}<\/style>\t\t\t\t<p>Warszawa dysponuje dwoma lotniskami: <strong>Lotnisko Chopina (Ok\u0119cie)<\/strong> oraz <strong>Warszawa Modlin<\/strong>. Podpowiadamy, jak dosta\u0107 si\u0119 do Sound Garden Hotel z ka\u017cdego z nich.<\/p><h3><span style=\"text-decoration: underline;\">Dojazd z Lotniska Chopina (Ok\u0119cie):<\/span><\/h3><p>The Sound Garden Hotel is very close, only about 1 km away.<\/p><ul><li><strong>Taxi\/ Uber:<\/strong> Podr\u00f3\u017c trwa ok. 5 minut. Jest to zdecydowanie najwygodniejszy spos\u00f3b dotarcia na miejsce.<\/li><li><strong>Poci\u0105g:<\/strong> Wsi\u0105d\u017a w poci\u0105g SKM (Szybka Kolej Miejska) <strong>S2<\/strong> lub <strong>S3<\/strong> na stacji Lotnisko Chopina. Wysi\u0105d\u017a na przystanku '<em>Warszawa \u017bwirki i Wigury&#8217;<\/em> Hotel znajduje si\u0119 odleg\u0142o\u015bci ok. 5minutowego spaceru od stacji.<\/li><li><strong>Autobus:<\/strong> Wsi\u0105d\u017a w autobus nr <strong>175<\/strong> lub <strong>188<\/strong> w kierunku centrum miasta i wysi\u0105d\u017a na przystanku<em> &#8216;Instytut Lotnictwa&#8217;<\/em> , kt\u00f3ry znajduje si\u0119 ju\u017c bardzo blisko hotelu.<\/li><li><strong>Spacer:<\/strong> Bezpo\u015brednio z lotniska mo\u017cesz tak\u017ce uda\u0107 si\u0119 na 25-minutowy spacer do hotelu.<\/li><\/ul><h3><span style=\"text-decoration: underline;\">Dojazd z Lotniska Warszawa Modlin:<\/span><\/h3><p>Located about 48 km from the hotel, the journey takes longer.<\/p><ul><li><strong>Poci\u0105g + Autobus:<\/strong> Wsi\u0105d\u017a w poci\u0105g (Koleje Mazowieckie) z Modlina do Warszawy Centrum. Wysi\u0105d\u017a na przystanku<em> &#8216;Warszawa Zachodnia&#8217;<\/em> lub <em>&#8216;Warszawa Centralna&#8217;<\/em>. Nast\u0119pnie przesi\u0105d\u017a si\u0119 na autobus nr <strong>175<\/strong> lub <strong>188<\/strong> i wysi\u0105d\u017a na przystanku <em>&#8216;Instytut Lotnictwa&#8217;<\/em> .<\/li><li><strong>Bezpo\u015bredni Autobus:<\/strong> Do centrum Warszawy udaj si\u0119 autobusem linii ModlinBus, a nast\u0119pnie przesi\u0105d\u017a si\u0119 na lokalny transport (dojazd nr autobus\u00f3w jak wy\u017cej).<\/li><li><strong>Taxi\/ Uber:<\/strong> Dojazd do hotelu zajmie ok 45 minut drog\u0105 ekspresow\u0105 S7 (koszt oko\u0142o 35 - 50 euro).<\/li><\/ul>\t\t\t\t\t\t<\/div>\n\t\t\t\t<\/div>\n\t\t\t\t\t<\/div>\n\t\t<\/div>\n\t\t\t\t\t\t\t<\/div>\n\t\t<\/section>\n\t\t\t\t\t<\/div>\n\t\t<\/div>\n\t\t\t\t\t\t\t<\/div>\n\t\t<\/section>\n\t\t\t\t<section class=\"elementor-section elementor-top-section elementor-element elementor-element-91bcb3c elementor-section-boxed elementor-section-height-default elementor-section-height-default\" data-id=\"91bcb3c\" data-element_type=\"section\" data-settings=\"{&quot;jet_parallax_layout_list&quot;:[],&quot;background_background&quot;:&quot;classic&quot;}\">\n\t\t\t\t\t\t<div class=\"elementor-container elementor-column-gap-default\">\n\t\t\t\t\t<div class=\"elementor-column elementor-col-100 elementor-top-column elementor-element elementor-element-11eea86\" data-id=\"11eea86\" data-element_type=\"column\" id=\"train\" data-settings=\"{&quot;background_background&quot;:&quot;classic&quot;}\">\n\t\t\t<div class=\"elementor-widget-wrap elementor-element-populated\">\n\t\t\t\t\t\t\t\t<section class=\"elementor-section elementor-inner-section elementor-element elementor-element-d0ad166 elementor-section-boxed elementor-section-height-default elementor-section-height-default\" data-id=\"d0ad166\" data-element_type=\"section\" data-settings=\"{&quot;jet_parallax_layout_list&quot;:[]}\">\n\t\t\t\t\t\t<div class=\"elementor-container elementor-column-gap-default\">\n\t\t\t\t\t<div class=\"elementor-column elementor-col-100 elementor-inner-column elementor-element elementor-element-b3ccc51\" data-id=\"b3ccc51\" data-element_type=\"column\">\n\t\t\t<div class=\"elementor-widget-wrap elementor-element-populated\">\n\t\t\t\t\t\t\t\t<div class=\"elementor-element elementor-element-c70cc14 elementor-widget elementor-widget-heading\" data-id=\"c70cc14\" data-element_type=\"widget\" data-widget_type=\"heading.default\">\n\t\t\t\t<div class=\"elementor-widget-container\">\n\t\t\t<h2 class=\"elementor-heading-title elementor-size-default\">Jak dojecha\u0107 poci\u0105giem?<\/h2>\t\t<\/div>\n\t\t\t\t<\/div>\n\t\t\t\t<div class=\"elementor-element elementor-element-f17ab49 elementor-widget elementor-widget-text-editor\" data-id=\"f17ab49\" data-element_type=\"widget\" data-widget_type=\"text-editor.default\">\n\t\t\t\t<div class=\"elementor-widget-container\">\n\t\t\t\t\t\t\t<p>Warszawa jest \u0142atwo dost\u0119pna i dobrze skomunikowana z innymi miastami w ca\u0142ej Europie dzi\u0119ki rozbudowanej sieci kolejowej. G\u0142\u00f3wny dworzec kolejowy w mie\u015bcie, <strong>Warszawa Centralna<\/strong>, s\u0142u\u017cy jako centrum krajowych i mi\u0119dzynarodowych us\u0142ug kolejowych.<br \/><br \/>Sound Garden Hotel mie\u015bci si\u0119 oko\u0142o 6 km od <strong>stacji Warszawa Centralna<\/strong>. Oto najwygodniejszy spos\u00f3b dotarcia na miejsce z dworca kolejowego:\u00a0<\/p><h3>Poci\u0105giem SKM\u00a0<\/h3><ul><li>B\u0119d\u0105c na Dworcu Centralnym szukaj dworca dla linii <strong>SKM (Szybka Kolej Miejska)<\/strong> .<\/li><li>Wsi\u0105d\u017a w poci\u0105g linii <strong>S2<\/strong> (w kierunku Lotniska Chopina) lub <strong>S3<\/strong> (w kierunku Radomia).<\/li><li>Wysi\u0105d\u017a na przystanku  '<em>Warszawa \u017bwirki i Wigury&#8217;<\/em> .<ul><li>Stamt\u0105d czeka Ci\u0119 oko\u0142o 5-minutowy spacer do hotelu.<br \/><h3><br \/>Autobusem<\/h3><ul><li>Na dworcu Warszawa Centralna kieruj si\u0119 na przystanek linii <strong>175<\/strong> lub <strong>188<\/strong>.<\/li><li>Wsi\u0105d\u017a w autobus w kierunku Lotniska Chopina.<\/li><li>Wysi\u0105d\u017a na przystanku  '<em>Instytut Lotnictwa&#8217;<\/em> , kt\u00f3ry znajduje si\u0119 ju\u017c bardzo blisko hotelu.<\/li><\/ul><h3><br \/>Taxi \/ Uber\u00a0<\/h3><\/li><li>Przejazd taks\u00f3wk\u0105 zajmie oko\u0142o 10-15 minut, w zale\u017cno\u015bci od nat\u0119\u017cenia ruchu. Trasa prowadzi ulic\u0105 \u017bwirki i Wigury. Przejazd powinien kosztowa\u0107 oko\u0142o 10 euro.<\/li><\/ul><\/li><\/ul>\t\t\t\t\t\t<\/div>\n\t\t\t\t<\/div>\n\t\t\t\t\t<\/div>\n\t\t<\/div>\n\t\t\t\t\t\t\t<\/div>\n\t\t<\/section>\n\t\t\t\t\t<\/div>\n\t\t<\/div>\n\t\t\t\t\t\t\t<\/div>\n\t\t<\/section>\n\t\t\t\t<section class=\"elementor-section elementor-top-section elementor-element elementor-element-515d447 elementor-section-boxed elementor-section-height-default elementor-section-height-default\" data-id=\"515d447\" data-element_type=\"section\" data-settings=\"{&quot;jet_parallax_layout_list&quot;:[],&quot;background_background&quot;:&quot;classic&quot;}\">\n\t\t\t\t\t\t<div class=\"elementor-container elementor-column-gap-default\">\n\t\t\t\t\t<div class=\"elementor-column elementor-col-100 elementor-top-column elementor-element elementor-element-e5a9672\" data-id=\"e5a9672\" data-element_type=\"column\" id=\"car\" data-settings=\"{&quot;background_background&quot;:&quot;classic&quot;}\">\n\t\t\t<div class=\"elementor-widget-wrap elementor-element-populated\">\n\t\t\t\t\t\t\t\t<section class=\"elementor-section elementor-inner-section elementor-element elementor-element-fa2a109 elementor-section-boxed elementor-section-height-default elementor-section-height-default\" data-id=\"fa2a109\" data-element_type=\"section\" data-settings=\"{&quot;jet_parallax_layout_list&quot;:[]}\">\n\t\t\t\t\t\t<div class=\"elementor-container elementor-column-gap-default\">\n\t\t\t\t\t<div class=\"elementor-column elementor-col-100 elementor-inner-column elementor-element elementor-element-9b00330\" data-id=\"9b00330\" data-element_type=\"column\">\n\t\t\t<div class=\"elementor-widget-wrap elementor-element-populated\">\n\t\t\t\t\t\t\t\t<div class=\"elementor-element elementor-element-4cc0be5 elementor-widget elementor-widget-heading\" data-id=\"4cc0be5\" data-element_type=\"widget\" data-widget_type=\"heading.default\">\n\t\t\t\t<div class=\"elementor-widget-container\">\n\t\t\t<h2 class=\"elementor-heading-title elementor-size-default\">Jak dojecha\u0107 samochodem?<\/h2>\t\t<\/div>\n\t\t\t\t<\/div>\n\t\t\t\t<div class=\"elementor-element elementor-element-4886bf3 elementor-widget elementor-widget-text-editor\" data-id=\"4886bf3\" data-element_type=\"widget\" data-widget_type=\"text-editor.default\">\n\t\t\t\t<div class=\"elementor-widget-container\">\n\t\t\t\t\t\t\t<p>Bardzo \u0142atwo dotrze\u0107 do <strong>Sound Garden Hotel<\/strong> <strong>Airport<\/strong> samochodem, poniewa\u017c jest dogodnie zlokalizowany w pobli\u017cu kluczowych dr\u00f3g, takich jak <strong>\u017bwirki i Wigury<\/strong>. Podr\u00f3\u017cni powinni jednak pami\u0119ta\u0107, \u017ce w Warszawie mo\u017ce wyst\u0119powa\u0107 du\u017ce nat\u0119\u017cenie ruchu, zw\u0142aszcza w godzinach szczytu, a trwaj\u0105ce prace drogowe mog\u0105 wp\u0142ywa\u0107 na czas podr\u00f3\u017cy.<\/p><p>Aby unikn\u0105\u0107 op\u00f3\u017anie\u0144, warto zaplanowa\u0107 podr\u00f3\u017c z wyprzedzeniem, skorzysta\u0107 z aplikacji nawigacyjnej, aby uzyska\u0107 aktualne informacje o ruchu drogowym w czasie rzeczywistym i przeznaczy\u0107 troch\u0119 wi\u0119cej czasu na potencjalne objazdy lub strefy budowy. Pomimo tych czynnik\u00f3w, hotel jest \u0142atwo dost\u0119pny i dobrze skomunikowany samochodem zar\u00f3wno z centrum miasta, jak i lotniskiem Chopina w Warszawie.<\/p><p><strong>Sound Garden Hotel Airport<\/strong> w Warszawie dysponuje parkingiem. Go\u015bcie hotelowi mog\u0105 korzysta\u0107 z parkingu znajduj\u0105cego si\u0119 w pobli\u017cu hotelu. Zaleca si\u0119 jednak wcze\u015bniejsze sprawdzenie dost\u0119pno\u015bci miejsc parkingowych, zw\u0142aszcza w godzinach szczytu, oraz zapoznanie si\u0119 z ewentualnymi dodatkowymi op\u0142atami za parkowanie.<br \/><span style=\"font-style: inherit; font-weight: inherit; color: var( --e-global-color-text );\">W pobli\u017cu znajduje si\u0119 kilka bezp\u0142atnych parking\u00f3w, cho\u0107 ich dost\u0119pno\u015b\u0107 mo\u017ce si\u0119 r\u00f3\u017cni\u0107. Parkowanie na ulicy wok\u00f3\u0142 hotelu mo\u017ce by\u0107 bezp\u0142atne, ale wa\u017cne jest, aby sprawdzi\u0107 lokalne oznakowanie pod k\u0105tem wszelkich ogranicze\u0144, takich jak ograniczenia czasowe lub okre\u015blone godziny, w kt\u00f3rych parkowanie jest dozwolone.<\/span><\/p>\t\t\t\t\t\t<\/div>\n\t\t\t\t<\/div>\n\t\t\t\t\t<\/div>\n\t\t<\/div>\n\t\t\t\t\t\t\t<\/div>\n\t\t<\/section>\n\t\t\t\t\t<\/div>\n\t\t<\/div>\n\t\t\t\t\t\t\t<\/div>\n\t\t<\/section>\n\t\t\t\t\t\t\t<\/div>","protected":false},"excerpt":{"rendered":"<p>Transport Possible ways of arrival By plane By train By car Have any questions? GO TO FAQ\u2019s or contact us How to get there by plane? Warsaw has two airports: Chopin Airport (Ok\u0119cie) and Modlin Airport. Here&#8217;s how to reach the Sound Garden Hotel Airport from each: From Chopin Airport (Ok\u0119cie): The Sound Garden Hotel &hellip;<\/p>\n<p class=\"read-more\"> <a class=\"\" href=\"http:\/\/elsolfestival.pl\/pl\/hotele\/transport-publiczny\/\"> <span class=\"screen-reader-text\">Transport publiczny<\/span> Czytaj wi\u0119cej \"<\/a><\/p>","protected":false},"author":1,"featured_media":0,"parent":2392,"menu_order":0,"comment_status":"closed","ping_status":"closed","template":"","meta":{"inline_featured_image":false,"site-sidebar-layout":"no-sidebar","site-content-layout":"page-builder","ast-site-content-layout":"default","site-content-style":"default","site-sidebar-style":"default","ast-global-header-display":"disabled","ast-banner-title-visibility":"","ast-main-header-display":"","ast-hfb-above-header-display":"","ast-hfb-below-header-display":"","ast-hfb-mobile-header-display":"","site-post-title":"disabled","ast-breadcrumbs-content":"","ast-featured-img":"disabled","footer-sml-layout":"","theme-transparent-header-meta":"","adv-header-id-meta":"","stick-header-meta":"","header-above-stick-meta":"","header-main-stick-meta":"","header-below-stick-meta":"","astra-migrate-meta-layouts":"","footnotes":""},"acf":[],"_links":{"self":[{"href":"http:\/\/elsolfestival.pl\/pl\/wp-json\/wp\/v2\/pages\/3053"}],"collection":[{"href":"http:\/\/elsolfestival.pl\/pl\/wp-json\/wp\/v2\/pages"}],"about":[{"href":"http:\/\/elsolfestival.pl\/pl\/wp-json\/wp\/v2\/types\/page"}],"author":[{"embeddable":true,"href":"http:\/\/elsolfestival.pl\/pl\/wp-json\/wp\/v2\/users\/1"}],"replies":[{"embeddable":true,"href":"http:\/\/elsolfestival.pl\/pl\/wp-json\/wp\/v2\/comments?post=3053"}],"version-history":[{"count":31,"href":"http:\/\/elsolfestival.pl\/pl\/wp-json\/wp\/v2\/pages\/3053\/revisions"}],"predecessor-version":[{"id":6041,"href":"http:\/\/elsolfestival.pl\/pl\/wp-json\/wp\/v2\/pages\/3053\/revisions\/6041"}],"up":[{"embeddable":true,"href":"http:\/\/elsolfestival.pl\/pl\/wp-json\/wp\/v2\/pages\/2392"}],"wp:attachment":[{"href":"http:\/\/elsolfestival.pl\/pl\/wp-json\/wp\/v2\/media?parent=3053"}],"curies":[{"name":"wp","href":"https:\/\/api.w.org\/{rel}","templated":true}]}}