{"id":6409,"date":"2026-04-23T16:38:31","date_gmt":"2026-04-23T14:38:31","guid":{"rendered":"https:\/\/elsolfestival.pl\/?page_id=6409"},"modified":"2026-05-10T16:32:22","modified_gmt":"2026-05-10T14:32:22","slug":"news","status":"publish","type":"page","link":"http:\/\/elsolfestival.pl\/pl\/news\/","title":{"rendered":"Aktualno\u015bci"},"content":{"rendered":"<div data-elementor-type=\"wp-page\" data-elementor-id=\"6409\" class=\"elementor elementor-6409\" data-elementor-post-type=\"page\">\n\t\t\t\t\t\t\t\t\t<section class=\"elementor-section elementor-top-section elementor-element elementor-element-49f0538 elementor-section-height-min-height elementor-section-items-top elementor-section-boxed elementor-section-height-default\" data-id=\"49f0538\" data-element_type=\"section\" data-settings=\"{&quot;jet_parallax_layout_list&quot;:[],&quot;background_background&quot;:&quot;classic&quot;}\" data-e-bg-lazyload=\"\">\n\t\t\t\t\t\t<div class=\"elementor-container elementor-column-gap-default\">\n\t\t\t\t\t<div class=\"elementor-column elementor-col-100 elementor-top-column elementor-element elementor-element-7fd4c37\" data-id=\"7fd4c37\" data-element_type=\"column\">\n\t\t\t<div class=\"elementor-widget-wrap elementor-element-populated\">\n\t\t\t\t\t\t\t\t<section class=\"elementor-section elementor-inner-section elementor-element elementor-element-2ae7441 elementor-section-boxed elementor-section-height-default elementor-section-height-default\" data-id=\"2ae7441\" data-element_type=\"section\" data-settings=\"{&quot;jet_parallax_layout_list&quot;:[]}\">\n\t\t\t\t\t\t<div class=\"elementor-container elementor-column-gap-default\">\n\t\t\t\t\t<div class=\"elementor-column elementor-col-100 elementor-inner-column elementor-element elementor-element-4c8a4d4\" data-id=\"4c8a4d4\" data-element_type=\"column\">\n\t\t\t<div class=\"elementor-widget-wrap elementor-element-populated\">\n\t\t\t\t\t\t\t\t<div class=\"elementor-element elementor-element-b4d5a10 elementor-widget__width-auto elementor-widget elementor-widget-heading\" data-id=\"b4d5a10\" data-element_type=\"widget\" data-widget_type=\"heading.default\">\n\t\t\t\t<div class=\"elementor-widget-container\">\n\t\t\t<style>\/*! elementor - v3.16.0 - 20-09-2023 *\/\n.elementor-heading-title{padding:0;margin:0;line-height:1}.elementor-widget-heading .elementor-heading-title[class*=elementor-size-]>a{color:inherit;font-size:inherit;line-height:inherit}.elementor-widget-heading .elementor-heading-title.elementor-size-small{font-size:15px}.elementor-widget-heading .elementor-heading-title.elementor-size-medium{font-size:19px}.elementor-widget-heading .elementor-heading-title.elementor-size-large{font-size:29px}.elementor-widget-heading .elementor-heading-title.elementor-size-xl{font-size:39px}.elementor-widget-heading .elementor-heading-title.elementor-size-xxl{font-size:59px}<\/style><span class=\"elementor-heading-title elementor-size-default\"> ELSOL FALL<\/span>\t\t<\/div>\n\t\t\t\t<\/div>\n\t\t\t\t<div class=\"elementor-element elementor-element-620c31f elementor-widget__width-inherit elementor-widget elementor-widget-heading\" data-id=\"620c31f\" data-element_type=\"widget\" data-widget_type=\"heading.default\">\n\t\t\t\t<div class=\"elementor-widget-container\">\n\t\t\t<h1 class=\"elementor-heading-title elementor-size-default\">Aktualno\u015bci<\/h1>\t\t<\/div>\n\t\t\t\t<\/div>\n\t\t\t\t\t<\/div>\n\t\t<\/div>\n\t\t\t\t\t\t\t<\/div>\n\t\t<\/section>\n\t\t\t\t\t<\/div>\n\t\t<\/div>\n\t\t\t\t\t\t\t<\/div>\n\t\t<\/section>\n\t\t\t\t<section class=\"elementor-section elementor-top-section elementor-element elementor-element-e191347 elementor-section-boxed elementor-section-height-default elementor-section-height-default\" data-id=\"e191347\" data-element_type=\"section\" data-settings=\"{&quot;jet_parallax_layout_list&quot;:[]}\">\n\t\t\t\t\t\t<div class=\"elementor-container elementor-column-gap-default\">\n\t\t\t\t\t<div class=\"elementor-column elementor-col-100 elementor-top-column elementor-element elementor-element-0bea78c\" data-id=\"0bea78c\" data-element_type=\"column\">\n\t\t\t<div class=\"elementor-widget-wrap elementor-element-populated\">\n\t\t\t\t\t\t\t\t<section class=\"elementor-section elementor-inner-section elementor-element elementor-element-18e38e1 elementor-section-boxed elementor-section-height-default elementor-section-height-default\" data-id=\"18e38e1\" data-element_type=\"section\" data-settings=\"{&quot;jet_parallax_layout_list&quot;:[]}\">\n\t\t\t\t\t\t<div class=\"elementor-container elementor-column-gap-default\">\n\t\t\t\t\t<div class=\"elementor-column elementor-col-50 elementor-inner-column elementor-element elementor-element-46bbd16\" data-id=\"46bbd16\" data-element_type=\"column\">\n\t\t\t<div class=\"elementor-widget-wrap elementor-element-populated\">\n\t\t\t\t\t\t\t\t<div class=\"elementor-element elementor-element-7badea5 elementor-widget elementor-widget-jet-posts\" data-id=\"7badea5\" data-element_type=\"widget\" data-settings=\"{&quot;columns&quot;:&quot;1&quot;}\" data-widget_type=\"jet-posts.default\">\n\t\t\t\t<div class=\"elementor-widget-container\">\n\t\t\t<div class=\"elementor-jet-posts jet-elements\"><div class=\"jet-posts col-row\"><div class=\"jet-posts__item\">\n\t<div class=\"jet-posts__inner-box\"><div class=\"jet-posts__inner-content\"><h2 class=\"entry-title\"><a href=\"http:\/\/elsolfestival.pl\/pl\/stargate-shows\/\" target=\"\">Stargate Shows<\/a><\/h2><div class=\"post-meta\"><span class=\"post__date post-meta__item\"><a href=\"http:\/\/elsolfestival.pl\/pl\/2026\/05\/10\/\"  class=\"post__date-link\" ><time datetime=\"2026-05-10T16:25:45+02:00\" title=\"2026-05-10T16:25:45+02:00\">10 maja, 2026<\/time><\/a><\/span><\/div><div class=\"entry-excerpt\">Stargate Show Nadszed\u0142 d\u0142ugo oczekiwany moment \u2014 ruszamy z rejestracj\u0105 na Stargate Shows podczas EL SOL FESTIVAL \u2013 EDYCJA JESIENNA 2026 w Warszawie!\nChcemy stworzy\u0107 przestrze\u0144, w kt\u00f3rej b\u0119dziecie mogli pokaza\u0107 \u015bwiatu swoj\u0105 ci\u0119\u017ck\u0105 prac\u0119<\/div><div class=\"jet-more-wrap\"><a href=\"http:\/\/elsolfestival.pl\/pl\/stargate-shows\/\" class=\"btn btn-primary elementor-button elementor-size-md jet-more\" target=\"\"><span class=\"btn__text\">Czytaj wi\u0119cej<\/span><\/a><\/div><\/div><\/div>\n<\/div>\n<\/div>\n<\/div>\t\t<\/div>\n\t\t\t\t<\/div>\n\t\t\t\t\t<\/div>\n\t\t<\/div>\n\t\t\t\t<div class=\"elementor-column elementor-col-50 elementor-inner-column elementor-element elementor-element-3b612be\" data-id=\"3b612be\" data-element_type=\"column\">\n\t\t\t<div class=\"elementor-widget-wrap elementor-element-populated\">\n\t\t\t\t\t\t\t\t<div class=\"elementor-element elementor-element-b962f60 elementor-widget elementor-widget-image\" data-id=\"b962f60\" data-element_type=\"widget\" data-widget_type=\"image.default\">\n\t\t\t\t<div class=\"elementor-widget-container\">\n\t\t\t<style>\/*! elementor - v3.16.0 - 20-09-2023 *\/\n.elementor-widget-image{text-align:center}.elementor-widget-image a{display:inline-block}.elementor-widget-image a img[src$=\".svg\"]{width:48px}.elementor-widget-image img{vertical-align:middle;display:inline-block}<\/style>\t\t\t\t\t\t\t\t\t\t\t\t<img decoding=\"async\" width=\"1383\" height=\"512\" src=\"https:\/\/elsolfestival.pl\/wp-content\/uploads\/2026\/05\/SZABLON-2026.png\" class=\"attachment-full size-full wp-image-6581\" alt=\"\" srcset=\"https:\/\/elsolfestival.pl\/wp-content\/uploads\/2026\/05\/SZABLON-2026.png 1383w, https:\/\/elsolfestival.pl\/wp-content\/uploads\/2026\/05\/SZABLON-2026-300x111.png 300w, https:\/\/elsolfestival.pl\/wp-content\/uploads\/2026\/05\/SZABLON-2026-1024x379.png 1024w, https:\/\/elsolfestival.pl\/wp-content\/uploads\/2026\/05\/SZABLON-2026-768x284.png 768w, https:\/\/elsolfestival.pl\/wp-content\/uploads\/2026\/05\/SZABLON-2026-18x7.png 18w\" sizes=\"(max-width: 1383px) 100vw, 1383px\" \/>\t\t\t\t\t\t\t\t\t\t\t\t\t\t\t<\/div>\n\t\t\t\t<\/div>\n\t\t\t\t\t<\/div>\n\t\t<\/div>\n\t\t\t\t\t\t\t<\/div>\n\t\t<\/section>\n\t\t\t\t<div class=\"elementor-element elementor-element-b1b8062 elementor-widget elementor-widget-spacer\" data-id=\"b1b8062\" data-element_type=\"widget\" data-widget_type=\"spacer.default\">\n\t\t\t\t<div class=\"elementor-widget-container\">\n\t\t\t<style>\/*! elementor - v3.16.0 - 20-09-2023 *\/\n.elementor-column .elementor-spacer-inner{height:var(--spacer-size)}.e-con{--container-widget-width:100%}.e-con-inner>.elementor-widget-spacer,.e-con>.elementor-widget-spacer{width:var(--container-widget-width,var(--spacer-size));--align-self:var(--container-widget-align-self,initial);--flex-shrink:0}.e-con-inner>.elementor-widget-spacer>.elementor-widget-container,.e-con>.elementor-widget-spacer>.elementor-widget-container{height:100%;width:100%}.e-con-inner>.elementor-widget-spacer>.elementor-widget-container>.elementor-spacer,.e-con>.elementor-widget-spacer>.elementor-widget-container>.elementor-spacer{height:100%}.e-con-inner>.elementor-widget-spacer>.elementor-widget-container>.elementor-spacer>.elementor-spacer-inner,.e-con>.elementor-widget-spacer>.elementor-widget-container>.elementor-spacer>.elementor-spacer-inner{height:var(--container-widget-height,var(--spacer-size))}.e-con-inner>.elementor-widget-spacer.elementor-widget-empty,.e-con>.elementor-widget-spacer.elementor-widget-empty{position:relative;min-height:22px;min-width:22px}.e-con-inner>.elementor-widget-spacer.elementor-widget-empty .elementor-widget-empty-icon,.e-con>.elementor-widget-spacer.elementor-widget-empty .elementor-widget-empty-icon{position:absolute;top:0;bottom:0;left:0;right:0;margin:auto;padding:0;width:22px;height:22px}<\/style>\t\t<div class=\"elementor-spacer\">\n\t\t\t<div class=\"elementor-spacer-inner\"><\/div>\n\t\t<\/div>\n\t\t\t\t<\/div>\n\t\t\t\t<\/div>\n\t\t\t\t\t<\/div>\n\t\t<\/div>\n\t\t\t\t\t\t\t<\/div>\n\t\t<\/section>\n\t\t\t\t<section class=\"elementor-section elementor-top-section elementor-element elementor-element-6a27e1c elementor-section-full_width elementor-section-height-default elementor-section-height-default\" data-id=\"6a27e1c\" data-element_type=\"section\" data-settings=\"{&quot;jet_parallax_layout_list&quot;:[]}\">\n\t\t\t\t\t\t<div class=\"elementor-container elementor-column-gap-default\">\n\t\t\t\t\t<div class=\"elementor-column elementor-col-100 elementor-top-column elementor-element elementor-element-7c94ffe\" data-id=\"7c94ffe\" data-element_type=\"column\">\n\t\t\t<div class=\"elementor-widget-wrap elementor-element-populated\">\n\t\t\t\t\t\t\t\t<section class=\"elementor-section elementor-inner-section elementor-element elementor-element-7bfe7a3 elementor-section-boxed elementor-section-height-default elementor-section-height-default\" data-id=\"7bfe7a3\" data-element_type=\"section\" data-settings=\"{&quot;jet_parallax_layout_list&quot;:[]}\">\n\t\t\t\t\t\t<div class=\"elementor-container elementor-column-gap-default\">\n\t\t\t\t\t<div class=\"elementor-column elementor-col-50 elementor-inner-column elementor-element elementor-element-c88b657\" data-id=\"c88b657\" data-element_type=\"column\">\n\t\t\t<div class=\"elementor-widget-wrap elementor-element-populated\">\n\t\t\t\t\t\t\t\t<div class=\"elementor-element elementor-element-00eed23 elementor-widget elementor-widget-image\" data-id=\"00eed23\" data-element_type=\"widget\" data-widget_type=\"image.default\">\n\t\t\t\t<div class=\"elementor-widget-container\">\n\t\t\t\t\t\t\t\t\t\t\t\t\t\t\t<img decoding=\"async\" width=\"1080\" height=\"1350\" src=\"https:\/\/elsolfestival.pl\/wp-content\/uploads\/2026\/04\/Fall_DanceDayPromoMainInfo.png\" class=\"attachment-2048x2048 size-2048x2048 wp-image-6514\" alt=\"\" srcset=\"https:\/\/elsolfestival.pl\/wp-content\/uploads\/2026\/04\/Fall_DanceDayPromoMainInfo.png 1080w, https:\/\/elsolfestival.pl\/wp-content\/uploads\/2026\/04\/Fall_DanceDayPromoMainInfo-240x300.png 240w, https:\/\/elsolfestival.pl\/wp-content\/uploads\/2026\/04\/Fall_DanceDayPromoMainInfo-819x1024.png 819w, https:\/\/elsolfestival.pl\/wp-content\/uploads\/2026\/04\/Fall_DanceDayPromoMainInfo-768x960.png 768w, https:\/\/elsolfestival.pl\/wp-content\/uploads\/2026\/04\/Fall_DanceDayPromoMainInfo-10x12.png 10w\" sizes=\"(max-width: 1080px) 100vw, 1080px\" \/>\t\t\t\t\t\t\t\t\t\t\t\t\t\t\t<\/div>\n\t\t\t\t<\/div>\n\t\t\t\t\t<\/div>\n\t\t<\/div>\n\t\t\t\t<div class=\"elementor-column elementor-col-50 elementor-inner-column elementor-element elementor-element-d450b1c\" data-id=\"d450b1c\" data-element_type=\"column\">\n\t\t\t<div class=\"elementor-widget-wrap elementor-element-populated\">\n\t\t\t\t\t\t\t\t<div class=\"elementor-element elementor-element-4650c27 elementor-widget elementor-widget-jet-posts\" data-id=\"4650c27\" data-element_type=\"widget\" data-settings=\"{&quot;columns&quot;:&quot;1&quot;}\" data-widget_type=\"jet-posts.default\">\n\t\t\t\t<div class=\"elementor-widget-container\">\n\t\t\t<div class=\"elementor-jet-posts jet-elements\"><div class=\"jet-posts col-row\"><div class=\"jet-posts__item\">\n\t<div class=\"jet-posts__inner-box\"><div class=\"jet-posts__inner-content\"><h2 class=\"entry-title\"><a href=\"http:\/\/elsolfestival.pl\/pl\/international-dance-day\/\" target=\"\">Mi\u0119dzynarodowy Dzie\u0144 Ta\u0144ca \u2013 Promocja<\/a><\/h2><div class=\"post-meta\"><span class=\"post__date post-meta__item\"><a href=\"http:\/\/elsolfestival.pl\/pl\/2026\/04\/27\/\"  class=\"post__date-link\" ><time datetime=\"2026-04-27T12:37:04+02:00\" title=\"2026-04-27T12:37:04+02:00\">27 kwietnia, 2026<\/time><\/a><\/span><\/div><div class=\"entry-excerpt\">Mi\u0119dzynarodowy Dzie\u0144 Ta\u0144ca \u2013 Promocja\nTa\u0144cz. \u015awi\u0119tuj. Powtarzaj.\nAby uczci\u0107 Mi\u0119dzynarodowy Dzie\u0144 Ta\u0144ca, przygotowali\u015bmy dla Ciebie najgor\u0119tsz\u0105 ofert\u0119 tego roku i otrzymujesz j\u0105 jako PIERWSZY.\n3 dni. 3 oferty. Ka\u017cdego dnia nowa promocja.\nPost\u0119puj zgodnie z poni\u017cszymi krokami i zaoszcz\u0119d\u017a\u2026<\/div><div class=\"jet-more-wrap\"><a href=\"http:\/\/elsolfestival.pl\/pl\/international-dance-day\/\" class=\"btn btn-primary elementor-button elementor-size-md jet-more\" target=\"\"><span class=\"btn__text\">Czytaj wi\u0119cej<\/span><\/a><\/div><\/div><\/div>\n<\/div>\n<\/div>\n<\/div>\t\t<\/div>\n\t\t\t\t<\/div>\n\t\t\t\t\t<\/div>\n\t\t<\/div>\n\t\t\t\t\t\t\t<\/div>\n\t\t<\/section>\n\t\t\t\t<div class=\"elementor-element elementor-element-008eb98 elementor-widget elementor-widget-spacer\" data-id=\"008eb98\" data-element_type=\"widget\" data-widget_type=\"spacer.default\">\n\t\t\t\t<div class=\"elementor-widget-container\">\n\t\t\t\t\t<div class=\"elementor-spacer\">\n\t\t\t<div class=\"elementor-spacer-inner\"><\/div>\n\t\t<\/div>\n\t\t\t\t<\/div>\n\t\t\t\t<\/div>\n\t\t\t\t\t<\/div>\n\t\t<\/div>\n\t\t\t\t\t\t\t<\/div>\n\t\t<\/section>\n\t\t\t\t<section class=\"elementor-section elementor-top-section elementor-element elementor-element-40d74f7 elementor-section-boxed elementor-section-height-default elementor-section-height-default\" data-id=\"40d74f7\" data-element_type=\"section\" data-settings=\"{&quot;jet_parallax_layout_list&quot;:[]}\">\n\t\t\t\t\t\t<div class=\"elementor-container elementor-column-gap-default\">\n\t\t\t\t\t<div class=\"elementor-column elementor-col-100 elementor-top-column elementor-element elementor-element-46e81c1\" data-id=\"46e81c1\" data-element_type=\"column\">\n\t\t\t<div class=\"elementor-widget-wrap elementor-element-populated\">\n\t\t\t\t\t\t\t\t<section class=\"elementor-section elementor-inner-section elementor-element elementor-element-4f96906 elementor-section-boxed elementor-section-height-default elementor-section-height-default\" data-id=\"4f96906\" data-element_type=\"section\" data-settings=\"{&quot;jet_parallax_layout_list&quot;:[]}\">\n\t\t\t\t\t\t<div class=\"elementor-container elementor-column-gap-default\">\n\t\t\t\t\t<div class=\"elementor-column elementor-col-50 elementor-inner-column elementor-element elementor-element-18ee60f\" data-id=\"18ee60f\" data-element_type=\"column\">\n\t\t\t<div class=\"elementor-widget-wrap elementor-element-populated\">\n\t\t\t\t\t\t\t\t<div class=\"elementor-element elementor-element-d2b5f4b elementor-widget elementor-widget-jet-posts\" data-id=\"d2b5f4b\" data-element_type=\"widget\" data-settings=\"{&quot;columns&quot;:&quot;1&quot;}\" data-widget_type=\"jet-posts.default\">\n\t\t\t\t<div class=\"elementor-widget-container\">\n\t\t\t<div class=\"elementor-jet-posts jet-elements\"><div class=\"jet-posts col-row\"><div class=\"jet-posts__item\">\n\t<div class=\"jet-posts__inner-box\"><div class=\"jet-posts__inner-content\"><h2 class=\"entry-title\"><a href=\"http:\/\/elsolfestival.pl\/pl\/nic-ntaya\/\" target=\"\">Wschodz\u0105ca gwiazda Nic N\u2019Taya i noc, kt\u00f3r\u0105 zapami\u0119tasz na zawsze<\/a><\/h2><div class=\"post-meta\"><span class=\"post__date post-meta__item\"><a href=\"http:\/\/elsolfestival.pl\/pl\/2026\/04\/24\/\"  class=\"post__date-link\" ><time datetime=\"2026-04-24T14:45:50+02:00\" title=\"2026-04-24T14:45:50+02:00\">24 kwietnia, 2026<\/time><\/a><\/span><\/div><div class=\"entry-excerpt\">Wschodz\u0105ca gwiazda Nic N\u2019Taya i noc, kt\u00f3r\u0105 zapami\u0119tasz na zawsze\nNa scenie muzyki latynoskiej pojawi\u0142a si\u0119 nowa si\u0142a, kt\u00f3ra elektryzuje publiczno\u015b\u0107 \u2014 a je\u015bli jeszcze nie s\u0142ysza\u0142e\u015b jego nazwiska, to wkr\u00f3tce si\u0119 to zmieni.\nPoznaj Nic N\u2019Taya: artyst\u0119 przesuwaj\u0105cego granice, kt\u00f3ry \u0142\u0105czy tradycyjne brzmienia chang\u00fc\u00ed z\u2026<\/div><div class=\"jet-more-wrap\"><a href=\"http:\/\/elsolfestival.pl\/pl\/nic-ntaya\/\" class=\"btn btn-primary elementor-button elementor-size-md jet-more\" target=\"\"><span class=\"btn__text\">Czytaj wi\u0119cej<\/span><\/a><\/div><\/div><\/div>\n<\/div>\n<\/div>\n<\/div>\t\t<\/div>\n\t\t\t\t<\/div>\n\t\t\t\t\t<\/div>\n\t\t<\/div>\n\t\t\t\t<div class=\"elementor-column elementor-col-50 elementor-inner-column elementor-element elementor-element-350b4ad\" data-id=\"350b4ad\" data-element_type=\"column\">\n\t\t\t<div class=\"elementor-widget-wrap elementor-element-populated\">\n\t\t\t\t\t\t\t\t<div class=\"elementor-element elementor-element-beed25a elementor-widget elementor-widget-image\" data-id=\"beed25a\" data-element_type=\"widget\" data-widget_type=\"image.default\">\n\t\t\t\t<div class=\"elementor-widget-container\">\n\t\t\t\t\t\t\t\t\t\t\t\t\t\t\t<img decoding=\"async\" width=\"1317\" height=\"1587\" src=\"https:\/\/elsolfestival.pl\/wp-content\/uploads\/2026\/04\/PHOTO-2025-07-14-11-33-56-3.jpg\" class=\"attachment-2048x2048 size-2048x2048 wp-image-6436\" alt=\"\" srcset=\"https:\/\/elsolfestival.pl\/wp-content\/uploads\/2026\/04\/PHOTO-2025-07-14-11-33-56-3.jpg 1317w, https:\/\/elsolfestival.pl\/wp-content\/uploads\/2026\/04\/PHOTO-2025-07-14-11-33-56-3-249x300.jpg 249w, https:\/\/elsolfestival.pl\/wp-content\/uploads\/2026\/04\/PHOTO-2025-07-14-11-33-56-3-850x1024.jpg 850w, https:\/\/elsolfestival.pl\/wp-content\/uploads\/2026\/04\/PHOTO-2025-07-14-11-33-56-3-768x925.jpg 768w, https:\/\/elsolfestival.pl\/wp-content\/uploads\/2026\/04\/PHOTO-2025-07-14-11-33-56-3-1275x1536.jpg 1275w, https:\/\/elsolfestival.pl\/wp-content\/uploads\/2026\/04\/PHOTO-2025-07-14-11-33-56-3-10x12.jpg 10w\" sizes=\"(max-width: 1317px) 100vw, 1317px\" \/>\t\t\t\t\t\t\t\t\t\t\t\t\t\t\t<\/div>\n\t\t\t\t<\/div>\n\t\t\t\t\t<\/div>\n\t\t<\/div>\n\t\t\t\t\t\t\t<\/div>\n\t\t<\/section>\n\t\t\t\t\t<\/div>\n\t\t<\/div>\n\t\t\t\t\t\t\t<\/div>\n\t\t<\/section>\n\t\t\t\t\t\t\t<\/div>","protected":false},"excerpt":{"rendered":"<p>ELSOL FALL News Stargate Shows May 10, 2026Stargate Show The long awaited moment has come \u2014 let\u2019s start with registration for Stargate Shows during EL SOL FESTIVAL \u2013 FALL EDITION 2026 in Warsaw!We want to create a space where you can show the world your hard work&hellip;Read More International Dance Day &#8211; Promotion April 27, &hellip;<\/p>\n<p class=\"read-more\"> <a class=\"\" href=\"http:\/\/elsolfestival.pl\/pl\/nic-ntaya\/\"> <span class=\"screen-reader-text\">Wschodz\u0105ca gwiazda Nic N\u2019Taya i noc, kt\u00f3r\u0105 zapami\u0119tasz na zawsze<\/span> Czytaj wi\u0119cej \"<\/a><\/p>","protected":false},"author":9,"featured_media":0,"parent":0,"menu_order":0,"comment_status":"closed","ping_status":"closed","template":"","meta":{"inline_featured_image":false,"site-sidebar-layout":"no-sidebar","site-content-layout":"","ast-site-content-layout":"full-width-container","site-content-style":"default","site-sidebar-style":"default","ast-global-header-display":"","ast-banner-title-visibility":"","ast-main-header-display":"","ast-hfb-above-header-display":"","ast-hfb-below-header-display":"","ast-hfb-mobile-header-display":"","site-post-title":"disabled","ast-breadcrumbs-content":"","ast-featured-img":"","footer-sml-layout":"","theme-transparent-header-meta":"","adv-header-id-meta":"","stick-header-meta":"","header-above-stick-meta":"","header-main-stick-meta":"","header-below-stick-meta":"","astra-migrate-meta-layouts":"","footnotes":""},"acf":[],"_links":{"self":[{"href":"http:\/\/elsolfestival.pl\/pl\/wp-json\/wp\/v2\/pages\/6409"}],"collection":[{"href":"http:\/\/elsolfestival.pl\/pl\/wp-json\/wp\/v2\/pages"}],"about":[{"href":"http:\/\/elsolfestival.pl\/pl\/wp-json\/wp\/v2\/types\/page"}],"author":[{"embeddable":true,"href":"http:\/\/elsolfestival.pl\/pl\/wp-json\/wp\/v2\/users\/9"}],"replies":[{"embeddable":true,"href":"http:\/\/elsolfestival.pl\/pl\/wp-json\/wp\/v2\/comments?post=6409"}],"version-history":[{"count":55,"href":"http:\/\/elsolfestival.pl\/pl\/wp-json\/wp\/v2\/pages\/6409\/revisions"}],"predecessor-version":[{"id":6588,"href":"http:\/\/elsolfestival.pl\/pl\/wp-json\/wp\/v2\/pages\/6409\/revisions\/6588"}],"wp:attachment":[{"href":"http:\/\/elsolfestival.pl\/pl\/wp-json\/wp\/v2\/media?parent=6409"}],"curies":[{"name":"wp","href":"https:\/\/api.w.org\/{rel}","templated":true}]}}