{"id":3756,"date":"2023-09-27T14:38:59","date_gmt":"2023-09-27T14:38:59","guid":{"rendered":"http:\/\/elsolfestival.pl\/travel-tips-cracow-katowcie-copy\/"},"modified":"2023-10-04T20:01:14","modified_gmt":"2023-10-04T18:01:14","slug":"cooperations","status":"publish","type":"page","link":"https:\/\/elsolfestival.pl\/en\/cooperations\/","title":{"rendered":"Cooperations"},"content":{"rendered":"\t\t<div data-elementor-type=\"wp-page\" data-elementor-id=\"3756\" class=\"elementor elementor-3756\" data-elementor-post-type=\"page\">\n\t\t\t\t\t\t\t\t\t<section class=\"elementor-section elementor-top-section elementor-element elementor-element-f21cb41 elementor-section-full_width elementor-section-height-min-height elementor-section-items-top elementor-section-height-default\" data-id=\"f21cb41\" data-element_type=\"section\" data-settings=\"{&quot;jet_parallax_layout_list&quot;:[],&quot;background_background&quot;:&quot;classic&quot;}\" data-e-bg-lazyload=\"\">\n\t\t\t\t\t\t<div class=\"elementor-container elementor-column-gap-default\">\n\t\t\t\t\t<div class=\"elementor-column elementor-col-100 elementor-top-column elementor-element elementor-element-9557a7f\" data-id=\"9557a7f\" data-element_type=\"column\">\n\t\t\t<div class=\"elementor-widget-wrap elementor-element-populated\">\n\t\t\t\t\t\t\t\t<section class=\"elementor-section elementor-inner-section elementor-element elementor-element-7d463b4 elementor-section-boxed elementor-section-height-default elementor-section-height-default\" data-id=\"7d463b4\" data-element_type=\"section\" data-settings=\"{&quot;jet_parallax_layout_list&quot;:[],&quot;background_background&quot;:&quot;classic&quot;}\">\n\t\t\t\t\t\t<div class=\"elementor-container elementor-column-gap-default\">\n\t\t\t\t\t<div class=\"elementor-column elementor-col-50 elementor-inner-column elementor-element elementor-element-822d704\" data-id=\"822d704\" data-element_type=\"column\">\n\t\t\t<div class=\"elementor-widget-wrap elementor-element-populated\">\n\t\t\t\t\t\t\t\t<div class=\"elementor-element elementor-element-da6f74a elementor-widget elementor-widget-heading\" data-id=\"da6f74a\" data-element_type=\"widget\" data-widget_type=\"heading.default\">\n\t\t\t\t<div class=\"elementor-widget-container\">\n\t\t\t<style>\/*! elementor - v3.16.0 - 20-09-2023 *\/\n.elementor-heading-title{padding:0;margin:0;line-height:1}.elementor-widget-heading .elementor-heading-title[class*=elementor-size-]>a{color:inherit;font-size:inherit;line-height:inherit}.elementor-widget-heading .elementor-heading-title.elementor-size-small{font-size:15px}.elementor-widget-heading .elementor-heading-title.elementor-size-medium{font-size:19px}.elementor-widget-heading .elementor-heading-title.elementor-size-large{font-size:29px}.elementor-widget-heading .elementor-heading-title.elementor-size-xl{font-size:39px}.elementor-widget-heading .elementor-heading-title.elementor-size-xxl{font-size:59px}<\/style><h1 class=\"elementor-heading-title elementor-size-default\">Make history with us<\/h1>\t\t<\/div>\n\t\t\t\t<\/div>\n\t\t\t\t<div class=\"elementor-element elementor-element-9922db9 elementor-widget elementor-widget-text-editor\" data-id=\"9922db9\" data-element_type=\"widget\" data-widget_type=\"text-editor.default\">\n\t\t\t\t<div class=\"elementor-widget-container\">\n\t\t\t<style>\/*! elementor - v3.16.0 - 20-09-2023 *\/\n.elementor-widget-text-editor.elementor-drop-cap-view-stacked .elementor-drop-cap{background-color:#69727d;color:#fff}.elementor-widget-text-editor.elementor-drop-cap-view-framed .elementor-drop-cap{color:#69727d;border:3px solid;background-color:transparent}.elementor-widget-text-editor:not(.elementor-drop-cap-view-default) .elementor-drop-cap{margin-top:8px}.elementor-widget-text-editor:not(.elementor-drop-cap-view-default) .elementor-drop-cap-letter{width:1em;height:1em}.elementor-widget-text-editor .elementor-drop-cap{float:left;text-align:center;line-height:1;font-size:50px}.elementor-widget-text-editor .elementor-drop-cap-letter{display:inline-block}<\/style>\t\t\t\t<p>Work with us! Surprise us with an idea that we haven&#8217;t thought of. The following products or services are interesting for our participants:<\/p><ul><li>drinks, healthy snacks, supplements<\/li><li>clothing and shoes, towels<\/li><li>accessorize, jewellry<\/li><li>waist bags, anything to store cards and phone and keep on you while dancing<\/li><li>make up, haidresser, braids<\/li><li>massage<\/li><li>effective crossporomotion<\/li><\/ul><p><span style=\"color: #fe9a01;\">Let us know!<\/span><\/p>\t\t\t\t\t\t<\/div>\n\t\t\t\t<\/div>\n\t\t\t\t\t<\/div>\n\t\t<\/div>\n\t\t\t\t<div class=\"elementor-column elementor-col-50 elementor-inner-column elementor-element elementor-element-1150c99\" data-id=\"1150c99\" data-element_type=\"column\">\n\t\t\t<div class=\"elementor-widget-wrap elementor-element-populated\">\n\t\t\t\t\t\t\t\t<div class=\"elementor-element elementor-element-12872f7 elementor-widget elementor-widget-image\" data-id=\"12872f7\" data-element_type=\"widget\" data-widget_type=\"image.default\">\n\t\t\t\t<div class=\"elementor-widget-container\">\n\t\t\t<style>\/*! elementor - v3.16.0 - 20-09-2023 *\/\n.elementor-widget-image{text-align:center}.elementor-widget-image a{display:inline-block}.elementor-widget-image a img[src$=\".svg\"]{width:48px}.elementor-widget-image img{vertical-align:middle;display:inline-block}<\/style>\t\t\t\t\t\t\t\t\t\t\t\t<img decoding=\"async\" width=\"631\" height=\"369\" src=\"https:\/\/elsolfestival.pl\/wp-content\/uploads\/2023\/09\/cooperations.png\" class=\"attachment-large size-large wp-image-3759\" alt=\"\" srcset=\"https:\/\/elsolfestival.pl\/wp-content\/uploads\/2023\/09\/cooperations.png 631w, https:\/\/elsolfestival.pl\/wp-content\/uploads\/2023\/09\/cooperations-300x175.png 300w\" sizes=\"(max-width: 631px) 100vw, 631px\" \/>\t\t\t\t\t\t\t\t\t\t\t\t\t\t\t<\/div>\n\t\t\t\t<\/div>\n\t\t\t\t\t<\/div>\n\t\t<\/div>\n\t\t\t\t\t\t\t<\/div>\n\t\t<\/section>\n\t\t\t\t<div class=\"elementor-element elementor-element-cfb3b23 elementor-widget__width-initial elementor-absolute elementor-hidden-mobile elementor-widget elementor-widget-image\" data-id=\"cfb3b23\" data-element_type=\"widget\" data-settings=\"{&quot;_position&quot;:&quot;absolute&quot;}\" data-widget_type=\"image.default\">\n\t\t\t\t<div class=\"elementor-widget-container\">\n\t\t\t\t\t\t\t\t\t\t\t\t\t\t\t<img decoding=\"async\" width=\"840\" height=\"1024\" src=\"https:\/\/elsolfestival.pl\/wp-content\/uploads\/2023\/09\/hotels-2.svg\" class=\"attachment-large size-large wp-image-2415\" alt=\"\" \/>\t\t\t\t\t\t\t\t\t\t\t\t\t\t\t<\/div>\n\t\t\t\t<\/div>\n\t\t\t\t\t<\/div>\n\t\t<\/div>\n\t\t\t\t\t\t\t<\/div>\n\t\t<\/section>\n\t\t\t\t<section class=\"elementor-section elementor-top-section elementor-element elementor-element-b822c7c elementor-section-boxed elementor-section-height-default elementor-section-height-default\" data-id=\"b822c7c\" data-element_type=\"section\" data-settings=\"{&quot;jet_parallax_layout_list&quot;:[]}\">\n\t\t\t\t\t\t<div class=\"elementor-container elementor-column-gap-default\">\n\t\t\t\t\t<div class=\"elementor-column elementor-col-100 elementor-top-column elementor-element elementor-element-ad56b00\" data-id=\"ad56b00\" data-element_type=\"column\">\n\t\t\t<div class=\"elementor-widget-wrap elementor-element-populated\">\n\t\t\t\t\t\t\t\t<div class=\"elementor-element elementor-element-ec1c4df elementor-widget-laptop__width-initial elementor-widget-mobile__width-inherit elementor-widget elementor-widget-heading\" data-id=\"ec1c4df\" data-element_type=\"widget\" data-widget_type=\"heading.default\">\n\t\t\t\t<div class=\"elementor-widget-container\">\n\t\t\t<h3 class=\"elementor-heading-title elementor-size-default\">The most energetic cooperation under the sun<\/h3>\t\t<\/div>\n\t\t\t\t<\/div>\n\t\t\t\t<div class=\"elementor-element elementor-element-25cad8e elementor-widget elementor-widget-shortcode\" data-id=\"25cad8e\" data-element_type=\"widget\" data-widget_type=\"shortcode.default\">\n\t\t\t\t<div class=\"elementor-widget-container\">\n\t\t\t\t\t<div class=\"elementor-shortcode\"> <div class=\"row\">\n                <div class=\"coop-column\">\n                <div class=\"coop-thumb\">\n                                            <img decoding=\"async\" src=\"https:\/\/elsolfestival.pl\/wp-content\/uploads\/2023\/09\/Coop-1.jpg\" alt=\"\" \/>\n                                    <\/div>\n                <div class=\"coop-info\">\n                    <p class=\"coop-name\">Become our vendor<\/p>\n                    <p class=\"coop-desc\">Showcase your products or services! As a vendor, you\u2019ll reach a dynamic audience of dancers, artists and cultural enthusiasts while promoting your brand in a vibrant, high-energy environment.<\/p>\n\n\t\t\t\t\t                    <div class=\"elementor-element elementor-element-993a297 elementor-widget__width-auto elementor-widget elementor-widget-button\" data-id=\"993a297\" data-element_type=\"widget\" data-widget_type=\"button.default\">\n                        <div class=\"elementor-widget-container cor-button\">\n                            <div class=\"elementor-button-wrapper\">\n                                <a class=\"elementor-button elementor-button-link elementor-size-sm\" href=\"\/en\/vendors\/\">\n                                    <span class=\"elementor-button-content-wrapper\">\n                                        <span class=\"elementor-button-icon elementor-align-icon-right\">\n                                            <i aria-hidden=\"true\" class=\"fas fa-chevron-circle-right\"><\/i> <\/span>\n                                        <span class=\"elementor-button-text\">SEE MORE<\/span>\n                                    <\/span>\n                                <\/a>\n                            <\/div>\n                        <\/div>\n                    <\/div>\n\t\t\t\t\t                <\/div>\n\n            <\/div>\n                <div class=\"coop-column\">\n                <div class=\"coop-thumb\">\n                                            <img decoding=\"async\" src=\"https:\/\/elsolfestival.pl\/wp-content\/uploads\/2023\/09\/Coop-2.jpg\" alt=\"\" \/>\n                                    <\/div>\n                <div class=\"coop-info\">\n                    <p class=\"coop-name\">Become our ambassador<\/p>\n                    <p class=\"coop-desc\">Get discout for your friends, collect a group of 10 participants and get your VIP Pass for free! Multiply that by 2,5,10 or more!\r\nGet close connection to our team, obtain fresh news immediately before it is published!<\/p>\n\n\t\t\t\t\t                    <div class=\"elementor-element elementor-element-993a297 elementor-widget__width-auto elementor-widget elementor-widget-button\" data-id=\"993a297\" data-element_type=\"widget\" data-widget_type=\"button.default\">\n                        <div class=\"elementor-widget-container cor-button\">\n                            <div class=\"elementor-button-wrapper\">\n                                <a class=\"elementor-button elementor-button-link elementor-size-sm\" href=\"\/en\/become-an-ambassador\/\">\n                                    <span class=\"elementor-button-content-wrapper\">\n                                        <span class=\"elementor-button-icon elementor-align-icon-right\">\n                                            <i aria-hidden=\"true\" class=\"fas fa-chevron-circle-right\"><\/i> <\/span>\n                                        <span class=\"elementor-button-text\">SEE MORE<\/span>\n                                    <\/span>\n                                <\/a>\n                            <\/div>\n                        <\/div>\n                    <\/div>\n\t\t\t\t\t                <\/div>\n\n            <\/div>\n                <div class=\"coop-column\">\n                <div class=\"coop-thumb\">\n                                            <img decoding=\"async\" src=\"https:\/\/elsolfestival.pl\/wp-content\/uploads\/2023\/09\/Coop-3.jpg\" alt=\"\" \/>\n                                    <\/div>\n                <div class=\"coop-info\">\n                    <p class=\"coop-name\">Become our volunteer<\/p>\n                    <p class=\"coop-desc\">Come and gain professional experience. Work with us for 14hrs and make most of the festival in the remaining time!\r\nYou will learn: how to work under time pressure, how to deal with emergency situations and demanding customers and how how to organize world-class events.<\/p>\n\n\t\t\t\t\t                    <div class=\"elementor-element elementor-element-993a297 elementor-widget__width-auto elementor-widget elementor-widget-button\" data-id=\"993a297\" data-element_type=\"widget\" data-widget_type=\"button.default\">\n                        <div class=\"elementor-widget-container cor-button\">\n                            <div class=\"elementor-button-wrapper\">\n                                <a class=\"elementor-button elementor-button-link elementor-size-sm\" href=\"\/en\/volonteers\/\">\n                                    <span class=\"elementor-button-content-wrapper\">\n                                        <span class=\"elementor-button-icon elementor-align-icon-right\">\n                                            <i aria-hidden=\"true\" class=\"fas fa-chevron-circle-right\"><\/i> <\/span>\n                                        <span class=\"elementor-button-text\">SEE MORE<\/span>\n                                    <\/span>\n                                <\/a>\n                            <\/div>\n                        <\/div>\n                    <\/div>\n\t\t\t\t\t                <\/div>\n\n            <\/div>\n                <div class=\"coop-column\">\n                <div class=\"coop-thumb\">\n                                            <img decoding=\"async\" src=\"https:\/\/elsolfestival.pl\/wp-content\/uploads\/2023\/09\/Coop-4.jpg\" alt=\"\" \/>\n                                    <\/div>\n                <div class=\"coop-info\">\n                    <p class=\"coop-name\">Become our partner<\/p>\n                    <p class=\"coop-desc\">Contact us if you have an idea how we could work together supporting each other's businesses. We love new connections in dance and in organization and business.<\/p>\n\n\t\t\t\t\t                    <div class=\"elementor-element elementor-element-993a297 elementor-widget__width-auto elementor-widget elementor-widget-button\" data-id=\"993a297\" data-element_type=\"widget\" data-widget_type=\"button.default\">\n                        <div class=\"elementor-widget-container cor-button\">\n                            <div class=\"elementor-button-wrapper\">\n                                <a class=\"elementor-button elementor-button-link elementor-size-sm\" href=\"\/en\/partners\/\">\n                                    <span class=\"elementor-button-content-wrapper\">\n                                        <span class=\"elementor-button-icon elementor-align-icon-right\">\n                                            <i aria-hidden=\"true\" class=\"fas fa-chevron-circle-right\"><\/i> <\/span>\n                                        <span class=\"elementor-button-text\">SEE MORE<\/span>\n                                    <\/span>\n                                <\/a>\n                            <\/div>\n                        <\/div>\n                    <\/div>\n\t\t\t\t\t                <\/div>\n\n            <\/div>\n    <\/div>\n\n<script>\n    document.addEventListener(\"DOMContentLoaded\", function() {\n\/\/ Pobierz wszystkie elementy .coop-desc\nconst coopDescs = document.querySelectorAll('.coop-desc');\n\n\/\/ Znajd\u017a najwy\u017csz\u0105 wysoko\u015b\u0107\nlet maxHeight = 0;\ncoopDescs.forEach(coopDesc => {\n  const coopDescHeight = coopDesc.clientHeight; \/\/ Uwzgl\u0119dnia padding, ale nie marginesy\n  if (coopDescHeight > maxHeight) {\n    maxHeight = coopDescHeight;\n  }\n});\n\n\/\/ Ustaw najwy\u017csz\u0105 wysoko\u015b\u0107 na wszystkich elementach .coop-desc\ncoopDescs.forEach(coopDesc => {\n  coopDesc.style.height = `${maxHeight}px`;\n});\n});\n<\/script>\n\n\n<style>\n    .coop-column {\n        display: flex;\n        border: 1px solid #EDF0F3;\n        border-radius: 10px;\n    }\n\n    .coop-thumb img {\n        width: 100%;\n        height: 100%;\n        object-fit: cover;\n        border-top-left-radius: 10px 10px;\n        border-bottom-left-radius: 10px 10px;\n    }\n\n    .cor-button {\n     margin: 0px !important;\n    }\n\t.coop-column .elementor-button {\n\t\tfont-family: \"Lato\", Sans-serif;\n\t\tfont-size: 18px;\n\t\tfont-weight: 700;\n\t\tline-height: 22px;\n\t\tfill: #1E2024;\n\t\tcolor: #1E2024;\n\t\tbackground-color: #FFFFFF;\n\t\tborder-style: solid;\n\t\tborder-width: 2px 2px 2px 2px;\n\t\tborder-color: #8B0282;\n\t\tborder-radius: 100px 100px 100px 100px;\n\t}\n\n    p.coop-name {\n        color: #FE9A01;\n        font-size: 32px;\n        font-weight: 500;\n        font-family: Lato;\n        margin-bottom: 0px;\n        line-height: 30px;\n\n    }\n\n    p.coop-desc {\n        font-family: Lato;\n        font-weight: 400;\n        line-height: 25px;\n        letter-spacing: -0.014em;\n        text-align: left;\n        margin-top: 10px;\n\n    }\n    .coop-info {\n            width: 100%;\n            padding: 18px 36px;\n        }\n\n\n\n\n\n    @media (max-width: 1024px) {\n        \n       .cor-button {\n                    padding-bottom: 20px;\n        }\n\n        .coop-thumb {\n         min-height: 300px;\n        }\n    }\n\n\n    @media (min-width: 1024px) {\n\n\n        .coop-column {\n            width: 49%;\n            min-height: 340px;\n            margin-bottom: 15px;\n        }\n\n\n        .coop-thumb {\n            width: 320px;\n        }\n\n        .coop {\n            margin: 15px 0px !important;\n        }\n    }\n\n    @media (min-width: 1400px) {\n        .coop-column {\n            width: 630px;\n            margin-bottom: 15px;\n        }\n        p.coop-desc{\n            font-size: 18px;\n        }\n    }\n    @media (max-width: 1400px) {\n        .coop-column{\n            margin: 15px 0px;\n        }\n        p.coop-desc{\n            font-size: 16px;\n        }\n    }\n    \n\t\n    @media (max-width: 767px) {\n        .coop-column {\n\t\t\tflex-direction: column;\n              width: 100%;    \n        }\n\t\t.coop-info {\n            padding: 20px;\n        }\n\t\t.coop-desc {\n\t\t\theight: auto !important;\n\t\t}\n\t\t.coop-thumb {\n    \t\tmin-height: unset !important;\n\t\t}\n\t\t.coop-thumb img {\n\t\t\theight: 200px;\n\t\t\tborder-radius: 10px 10px 0 0;\n\t\t}\n\n    }\n\t\n\t\n<\/style><\/div>\n\t\t\t\t<\/div>\n\t\t\t\t<\/div>\n\t\t\t\t<div class=\"elementor-element elementor-element-a93ae2a elementor-widget elementor-widget-html\" data-id=\"a93ae2a\" data-element_type=\"widget\" data-widget_type=\"html.default\">\n\t\t\t\t<div class=\"elementor-widget-container\">\n\t\t\t<script>\n\/\/ Pobierz wszystkie elementy .coop-desc\nconst coopDescs = document.querySelectorAll('.coop-desc');\n\n\/\/ Znajd\u017a najwy\u017csz\u0105 wysoko\u015b\u0107\nlet maxHeight = 0;\ncoopDescs.forEach(coopDesc => {\n  const coopDescHeight = coopDesc.clientHeight; \/\/ Uwzgl\u0119dnia padding, ale nie marginesy\n  if (coopDescHeight > maxHeight) {\n    maxHeight = coopDescHeight;\n  }\n});\n\n\/\/ Ustaw najwy\u017csz\u0105 wysoko\u015b\u0107 na wszystkich elementach .coop-desc\ncoopDescs.forEach(coopDesc => {\n  coopDesc.style.height = `${maxHeight}px`;\n});\n\n<\/script>\t\t<\/div>\n\t\t\t\t<\/div>\n\t\t\t\t\t<\/div>\n\t\t<\/div>\n\t\t\t\t\t\t\t<\/div>\n\t\t<\/section>\n\t\t\t\t\t\t\t<\/div>\n\t\t","protected":false},"excerpt":{"rendered":"<p>Make history with us Work with us! Surprise us with an idea that we haven&#8217;t thought of. The following products or services are interesting for our participants: drinks, healthy snacks, supplements clothing and shoes, towels accessorize, jewellry waist bags, anything to store cards and phone and keep on you while dancing make up, haidresser, braids &hellip;<\/p>\n<p class=\"read-more\"> <a class=\"\" href=\"https:\/\/elsolfestival.pl\/en\/cooperations\/\"> <span class=\"screen-reader-text\">Cooperations<\/span> Read More &raquo;<\/a><\/p>\n","protected":false},"author":2,"featured_media":0,"parent":0,"menu_order":0,"comment_status":"closed","ping_status":"closed","template":"","meta":{"inline_featured_image":false,"site-sidebar-layout":"no-sidebar","site-content-layout":"page-builder","ast-site-content-layout":"default","site-content-style":"default","site-sidebar-style":"default","ast-global-header-display":"disabled","ast-banner-title-visibility":"","ast-main-header-display":"","ast-hfb-above-header-display":"","ast-hfb-below-header-display":"","ast-hfb-mobile-header-display":"","site-post-title":"disabled","ast-breadcrumbs-content":"","ast-featured-img":"disabled","footer-sml-layout":"","theme-transparent-header-meta":"","adv-header-id-meta":"","stick-header-meta":"","header-above-stick-meta":"","header-main-stick-meta":"","header-below-stick-meta":"","astra-migrate-meta-layouts":"","footnotes":""},"acf":[],"_links":{"self":[{"href":"https:\/\/elsolfestival.pl\/en\/wp-json\/wp\/v2\/pages\/3756"}],"collection":[{"href":"https:\/\/elsolfestival.pl\/en\/wp-json\/wp\/v2\/pages"}],"about":[{"href":"https:\/\/elsolfestival.pl\/en\/wp-json\/wp\/v2\/types\/page"}],"author":[{"embeddable":true,"href":"https:\/\/elsolfestival.pl\/en\/wp-json\/wp\/v2\/users\/2"}],"replies":[{"embeddable":true,"href":"https:\/\/elsolfestival.pl\/en\/wp-json\/wp\/v2\/comments?post=3756"}],"version-history":[{"count":0,"href":"https:\/\/elsolfestival.pl\/en\/wp-json\/wp\/v2\/pages\/3756\/revisions"}],"wp:attachment":[{"href":"https:\/\/elsolfestival.pl\/en\/wp-json\/wp\/v2\/media?parent=3756"}],"curies":[{"name":"wp","href":"https:\/\/api.w.org\/{rel}","templated":true}]}}