{"id":3971,"date":"2023-09-27T18:32:17","date_gmt":"2023-09-27T18:32:17","guid":{"rendered":"http:\/\/elsolfestival.pl\/?page_id=3971"},"modified":"2023-10-04T20:07:31","modified_gmt":"2023-10-04T18:07:31","slug":"privacy-policy","status":"publish","type":"page","link":"https:\/\/elsolfestival.pl\/en\/privacy-policy\/","title":{"rendered":"Privacy policy"},"content":{"rendered":"\t\t<div data-elementor-type=\"wp-page\" data-elementor-id=\"3971\" class=\"elementor elementor-3971\" data-elementor-post-type=\"page\">\n\t\t\t\t\t\t\t\t\t<section class=\"elementor-section elementor-top-section elementor-element elementor-element-f21cb41 elementor-section-full_width elementor-section-height-min-height elementor-section-items-top elementor-section-height-default\" data-id=\"f21cb41\" data-element_type=\"section\" data-settings=\"{&quot;jet_parallax_layout_list&quot;:[],&quot;background_background&quot;:&quot;classic&quot;}\" data-e-bg-lazyload=\"\">\n\t\t\t\t\t\t<div class=\"elementor-container elementor-column-gap-default\">\n\t\t\t\t\t<div class=\"elementor-column elementor-col-100 elementor-top-column elementor-element elementor-element-9557a7f\" data-id=\"9557a7f\" data-element_type=\"column\">\n\t\t\t<div class=\"elementor-widget-wrap elementor-element-populated\">\n\t\t\t\t\t\t\t\t<section class=\"elementor-section elementor-inner-section elementor-element elementor-element-7d463b4 elementor-section-boxed elementor-section-height-default elementor-section-height-default\" data-id=\"7d463b4\" data-element_type=\"section\" data-settings=\"{&quot;jet_parallax_layout_list&quot;:[],&quot;background_background&quot;:&quot;classic&quot;}\">\n\t\t\t\t\t\t<div class=\"elementor-container elementor-column-gap-default\">\n\t\t\t\t\t<div class=\"elementor-column elementor-col-100 elementor-inner-column elementor-element elementor-element-822d704\" data-id=\"822d704\" data-element_type=\"column\">\n\t\t\t<div class=\"elementor-widget-wrap elementor-element-populated\">\n\t\t\t\t\t\t\t\t<div class=\"elementor-element elementor-element-da6f74a elementor-widget elementor-widget-heading\" data-id=\"da6f74a\" data-element_type=\"widget\" data-widget_type=\"heading.default\">\n\t\t\t\t<div class=\"elementor-widget-container\">\n\t\t\t<style>\/*! elementor - v3.16.0 - 20-09-2023 *\/\n.elementor-heading-title{padding:0;margin:0;line-height:1}.elementor-widget-heading .elementor-heading-title[class*=elementor-size-]>a{color:inherit;font-size:inherit;line-height:inherit}.elementor-widget-heading .elementor-heading-title.elementor-size-small{font-size:15px}.elementor-widget-heading .elementor-heading-title.elementor-size-medium{font-size:19px}.elementor-widget-heading .elementor-heading-title.elementor-size-large{font-size:29px}.elementor-widget-heading .elementor-heading-title.elementor-size-xl{font-size:39px}.elementor-widget-heading .elementor-heading-title.elementor-size-xxl{font-size:59px}<\/style><h1 class=\"elementor-heading-title elementor-size-default\">Privacy Policy<\/h1>\t\t<\/div>\n\t\t\t\t<\/div>\n\t\t\t\t\t<\/div>\n\t\t<\/div>\n\t\t\t\t\t\t\t<\/div>\n\t\t<\/section>\n\t\t\t\t<div class=\"elementor-element elementor-element-cfb3b23 elementor-widget__width-initial elementor-absolute elementor-hidden-mobile elementor-widget elementor-widget-image\" data-id=\"cfb3b23\" data-element_type=\"widget\" data-settings=\"{&quot;_position&quot;:&quot;absolute&quot;}\" data-widget_type=\"image.default\">\n\t\t\t\t<div class=\"elementor-widget-container\">\n\t\t\t<style>\/*! elementor - v3.16.0 - 20-09-2023 *\/\n.elementor-widget-image{text-align:center}.elementor-widget-image a{display:inline-block}.elementor-widget-image a img[src$=\".svg\"]{width:48px}.elementor-widget-image img{vertical-align:middle;display:inline-block}<\/style>\t\t\t\t\t\t\t\t\t\t\t\t<img decoding=\"async\" width=\"840\" height=\"1024\" src=\"https:\/\/elsolfestival.pl\/wp-content\/uploads\/2023\/09\/hotels-2.svg\" class=\"attachment-large size-large wp-image-2415\" alt=\"\" \/>\t\t\t\t\t\t\t\t\t\t\t\t\t\t\t<\/div>\n\t\t\t\t<\/div>\n\t\t\t\t<div class=\"elementor-element elementor-element-91b30d9 elementor-widget__width-initial elementor-absolute elementor-hidden-tablet elementor-widget elementor-widget-image\" data-id=\"91b30d9\" data-element_type=\"widget\" data-settings=\"{&quot;_position&quot;:&quot;absolute&quot;}\" data-widget_type=\"image.default\">\n\t\t\t\t<div class=\"elementor-widget-container\">\n\t\t\t\t\t\t\t\t\t\t\t\t\t\t\t<img decoding=\"async\" width=\"883\" height=\"1024\" src=\"https:\/\/elsolfestival.pl\/wp-content\/uploads\/2023\/09\/hotels-1.svg\" class=\"attachment-large size-large wp-image-2413\" alt=\"\" \/>\t\t\t\t\t\t\t\t\t\t\t\t\t\t\t<\/div>\n\t\t\t\t<\/div>\n\t\t\t\t\t<\/div>\n\t\t<\/div>\n\t\t\t\t\t\t\t<\/div>\n\t\t<\/section>\n\t\t\t\t<section class=\"elementor-section elementor-top-section elementor-element elementor-element-6fb8e4ad elementor-section-boxed elementor-section-height-default elementor-section-height-default\" data-id=\"6fb8e4ad\" data-element_type=\"section\" data-settings=\"{&quot;jet_parallax_layout_list&quot;:[],&quot;background_background&quot;:&quot;classic&quot;}\">\n\t\t\t\t\t\t<div class=\"elementor-container elementor-column-gap-default\">\n\t\t\t\t\t<div class=\"elementor-column elementor-col-100 elementor-top-column elementor-element elementor-element-d94300e\" data-id=\"d94300e\" data-element_type=\"column\" id=\"AIR\" data-settings=\"{&quot;background_background&quot;:&quot;classic&quot;}\">\n\t\t\t<div class=\"elementor-widget-wrap elementor-element-populated\">\n\t\t\t\t\t\t\t\t<section class=\"elementor-section elementor-inner-section elementor-element elementor-element-723cf67 elementor-hidden-mobile elementor-section-boxed elementor-section-height-default elementor-section-height-default\" data-id=\"723cf67\" data-element_type=\"section\" data-settings=\"{&quot;jet_parallax_layout_list&quot;:[],&quot;sticky&quot;:&quot;top&quot;,&quot;sticky_offset&quot;:100,&quot;sticky_parent&quot;:&quot;yes&quot;,&quot;sticky_on&quot;:[&quot;desktop&quot;,&quot;laptop&quot;,&quot;tablet&quot;,&quot;mobile&quot;],&quot;sticky_effects_offset&quot;:0}\">\n\t\t\t\t\t\t<div class=\"elementor-container elementor-column-gap-default\">\n\t\t\t\t\t<div class=\"elementor-column elementor-col-50 elementor-inner-column elementor-element elementor-element-fd75410\" data-id=\"fd75410\" data-element_type=\"column\">\n\t\t\t<div class=\"elementor-widget-wrap\">\n\t\t\t\t\t\t\t\t\t<\/div>\n\t\t<\/div>\n\t\t\t\t<div class=\"elementor-column elementor-col-50 elementor-inner-column elementor-element elementor-element-4e1546e\" data-id=\"4e1546e\" data-element_type=\"column\" data-settings=\"{&quot;background_background&quot;:&quot;classic&quot;}\">\n\t\t\t<div class=\"elementor-widget-wrap elementor-element-populated\">\n\t\t\t\t\t\t\t\t<div class=\"elementor-element elementor-element-dacdb9c elementor-widget elementor-widget-heading\" data-id=\"dacdb9c\" data-element_type=\"widget\" data-widget_type=\"heading.default\">\n\t\t\t\t<div class=\"elementor-widget-container\">\n\t\t\t<p class=\"elementor-heading-title elementor-size-default\">Have any questions?<\/p>\t\t<\/div>\n\t\t\t\t<\/div>\n\t\t\t\t<div class=\"elementor-element elementor-element-57e4138 elementor-widget__width-auto elementor-widget elementor-widget-button\" data-id=\"57e4138\" data-element_type=\"widget\" data-widget_type=\"button.default\">\n\t\t\t\t<div class=\"elementor-widget-container\">\n\t\t\t\t\t<div class=\"elementor-button-wrapper\">\n\t\t\t<a class=\"elementor-button elementor-button-link elementor-size-sm\" href=\"\/faq\" id=\"purple\">\n\t\t\t\t\t\t<span class=\"elementor-button-content-wrapper\">\n\t\t\t\t\t\t<span class=\"elementor-button-icon elementor-align-icon-right\">\n\t\t\t\t<i aria-hidden=\"true\" class=\"fas fa-arrow-circle-right\"><\/i>\t\t\t<\/span>\n\t\t\t\t\t\t<span class=\"elementor-button-text\">GO TO FAQ\u2019s<\/span>\n\t\t<\/span>\n\t\t\t\t\t<\/a>\n\t\t<\/div>\n\t\t\t\t<\/div>\n\t\t\t\t<\/div>\n\t\t\t\t<div class=\"elementor-element elementor-element-822e3e1 elementor-widget elementor-widget-heading\" data-id=\"822e3e1\" data-element_type=\"widget\" data-widget_type=\"heading.default\">\n\t\t\t\t<div class=\"elementor-widget-container\">\n\t\t\t<p class=\"elementor-heading-title elementor-size-default\">or contact us<\/p>\t\t<\/div>\n\t\t\t\t<\/div>\n\t\t\t\t<div class=\"elementor-element elementor-element-321ce3c elementor-align-center elementor-tablet-align-center elementor-widget elementor-widget-button\" data-id=\"321ce3c\" data-element_type=\"widget\" data-widget_type=\"button.default\">\n\t\t\t\t<div class=\"elementor-widget-container\">\n\t\t\t\t\t<div class=\"elementor-button-wrapper\">\n\t\t\t<a class=\"elementor-button elementor-button-link elementor-size-sm\" href=\"mailto:info@elsolfestival.pl\">\n\t\t\t\t\t\t<span class=\"elementor-button-content-wrapper\">\n\t\t\t\t\t\t<span class=\"elementor-button-icon elementor-align-icon-left\">\n\t\t\t\t<i aria-hidden=\"true\" class=\"far fa-envelope\"><\/i>\t\t\t<\/span>\n\t\t\t\t\t\t<span class=\"elementor-button-text\">info@elsolfestival.pl<\/span>\n\t\t<\/span>\n\t\t\t\t\t<\/a>\n\t\t<\/div>\n\t\t\t\t<\/div>\n\t\t\t\t<\/div>\n\t\t\t\t\t<\/div>\n\t\t<\/div>\n\t\t\t\t\t\t\t<\/div>\n\t\t<\/section>\n\t\t\t\t<section class=\"elementor-section elementor-inner-section elementor-element elementor-element-ba749ca elementor-section-boxed elementor-section-height-default elementor-section-height-default\" data-id=\"ba749ca\" data-element_type=\"section\" data-settings=\"{&quot;jet_parallax_layout_list&quot;:[]}\">\n\t\t\t\t\t\t<div class=\"elementor-container elementor-column-gap-default\">\n\t\t\t\t\t<div class=\"elementor-column elementor-col-100 elementor-inner-column elementor-element elementor-element-76e1228\" data-id=\"76e1228\" data-element_type=\"column\">\n\t\t\t<div class=\"elementor-widget-wrap elementor-element-populated\">\n\t\t\t\t\t\t\t\t<div class=\"elementor-element elementor-element-d69d434 elementor-widget elementor-widget-text-editor\" data-id=\"d69d434\" data-element_type=\"widget\" data-widget_type=\"text-editor.default\">\n\t\t\t\t<div class=\"elementor-widget-container\">\n\t\t\t<style>\/*! elementor - v3.16.0 - 20-09-2023 *\/\n.elementor-widget-text-editor.elementor-drop-cap-view-stacked .elementor-drop-cap{background-color:#69727d;color:#fff}.elementor-widget-text-editor.elementor-drop-cap-view-framed .elementor-drop-cap{color:#69727d;border:3px solid;background-color:transparent}.elementor-widget-text-editor:not(.elementor-drop-cap-view-default) .elementor-drop-cap{margin-top:8px}.elementor-widget-text-editor:not(.elementor-drop-cap-view-default) .elementor-drop-cap-letter{width:1em;height:1em}.elementor-widget-text-editor .elementor-drop-cap{float:left;text-align:center;line-height:1;font-size:50px}.elementor-widget-text-editor .elementor-drop-cap-letter{display:inline-block}<\/style>\t\t\t\t<ol><li aria-level=\"1\">The administrator of the data is Chagowska Productions sp\u00f3\u0142ka z ograniczon\u0105 odpowiedzialno\u015bci\u0105 sp\u00f3\u0142ka komandytowa with its registered office in Warsaw, Ludwika Rydygiera 13\/294, 01-793 Warsaw, registered in the register of entrepreneurs kept by the District Court for the Capital City of Warsaw in Warsaw, XII Economic Department of the National Court Register under KRS No.: 0000562649, NIP: 5252621566, REGON: 36176909200000, operating the website at:\u00a0<a href=\"https:\/\/www.elsolfestival.pl\/\">www.elsolfestival.pl<\/a>\u00a0 (hereinafter: the \u201cCompany\u201d).<\/li><li aria-level=\"1\">Provision of any personal data is voluntary, however, it is necessary in order to achieve the purpose or take actions related to the provision of such data.<\/li><li aria-level=\"1\">The Administrator processes the following Customer data:<\/li><\/ol><p>surname and first names,<\/p><p>e-mail address,<\/p><p>telephone,<\/p><p>residential address and postal code,<\/p><p>age,<\/p><p>activity relative to individual projects,<\/p><p>activity in relation to the use of particular services,<\/p><p>necessary health data related to the performance of the service,<\/p><p>personal data or information that we are obliged to collect under applicable laws, recommendations or guidelines.<\/p><p>\u00a0<\/p><p>In case the service participant is a child, data of both children and their parents are processed. The administrator also processes the e-mail address, telephone number and name of the newsletter recipient. For employees, the set of data processed results from personnel regulations.<\/p><p>4. Based on Article 6 of Regulation (EU) 2016\/679 of the European Parliament and of the Council of 27.04.2016 on the protection of natural persons in relation to the processing of personal data and on the free movement of such data and repealing Directive 95\/46\/EC (General Data Protection Regulation) \u2013 GDPR, the basis for the processing of personal data by the Administrator is the consent of the Users, legal obligation and performance of the contract.<\/p><p><br \/>5<strong>.<\/strong>\u00a0Data processing purposes:<\/p><ul><li aria-level=\"1\">sale of Services and products offered (Article 6(1)(b) of the GDPR),<\/li><li aria-level=\"1\">Due performance of agreements concluded with Chagowska Productions (Article 6(1)(b) GDPR),<\/li><li aria-level=\"1\">delivery of information and advertising mailings consented to by the user (Article 6(1)(a) GDPR),<\/li><li aria-level=\"1\">organizing trips, workshops, conferences, meetings, sports and educational events (Article 6(1)(b) GDPR),<\/li><li aria-level=\"1\">Organization of sports activities (Article 6(1)(b) GDPR),<\/li><li aria-level=\"1\">activities related to sports and healthy living,<\/li><li aria-level=\"1\">ensuring the health safety of customers and employees,<\/li><li aria-level=\"1\">ongoing informational, educational and advertising communications with audiences<\/li><\/ul><p><br \/>6. All members of the Company\u2019s team have access to personal data. Access to individual categories of people is separated by limiting technical permission to enter a shared drive or folder. On a similar note, documents are also physically secured in locked cabinets. A list of external entities that have access to personal data can be found here (<a href=\"https:\/\/docs.google.com\/document\/d\/1Uh9yYBI2B_9DB_TNCCK8nh8tB5hAQjbNQc0NQ79PzQA\/edit\" rel=\"nofollow noopener\" target=\"_blank\">https:\/\/docs.google.com\/document\/d\/1Uh9yYBI2B_9DB_TNCCK8nh8tB5hAQjbNQc0NQ79PzQA\/edit<\/a>)<\/p><p>The privacy policies of each of these entities are located on their pages provided in the link above.<\/p><p>The above entities guarantee compliance with the Ordinance or compliance with standards analogous to the Ordinance in terms of personal data protection, and the Administrator\u2019s use of their technology in processing personal data is lawful. Entities have entered into entrustment agreements, mostly in the form of updates to their regulations.<\/p><p>The Administrator will not sell or transfer customers\u2019 personal data to other entities other than those specified in the link.<\/p><p>7. The User acknowledges that his\/her personal data may be transferred to authorized state authorities in connection with their proceedings, at their request and upon fulfillment of the prerequisites confirming the necessity of obtaining such data from us.<\/p><ol><li aria-level=\"1\">The user exercises the following rights:<\/li><\/ol><ol><li>The right to withdraw consent \u2013 withdrawal of consent, however, may prevent further use of services that the Administrator can legally provide only with consent. In addition, withdrawal of consent does not render the processing of personal data unlawful until the moment of withdrawal.<\/li><li>Right to object to the use of data \u2013 if the Administrator processes data based on a legitimate interest, the Reader may object to its use. If the objection proves to be legitimate and the Administrator has no other legal basis for processing the data \u2013 it will delete the objected data.<\/li><li>The right to erasure of data (\u201cright to be forgotten\u201d) \u2013 the Administrator will, upon request, erase data if consent is withdrawn, a reasonable objection is made to use for marketing or statistical purposes, processing is unlawful, or if it is no longer necessary for the purposes for which it was collected or for which it was processed. The Administrator stipulates that it may retain certain personal data to the extent necessary for backup or for the purposes of establishing, asserting or defending claims and relations with state authorities.<\/li><li>The right to restrict data processing \u2013 if you question the accuracy of the data and the lawfulness or necessity of the processing and object.<\/li><li>The right to access the data \u2013 the Administrator undertakes to confirm the processing of personal data, if it takes place. In this case, the User has the opportunity to obtain a copy of the data and access it, and obtain the information contained herein and other requested.<\/li><li>Right to rectify data \u2013 the Administrator, at the request of the User or Client, undertakes to rectify data (for incorrect data) and to complete data (for incomplete data).<\/li><li>The right to data portability \u2013 at the request of the User or Customer, the Administrator will send, in the form of a file in pdf or other established format, personal data to the requesting party or directly to another Administrator designated by the User or Customer.<\/li><li>In addition, the user has the right to file a complaint with the President of the Office for Personal Data Protection.<\/li><\/ol><p>\u00a0The Administrator shall ensure the exercise of rights by writing an email to\u00a0<a href=\"mailto:registration@elsolfestival.pl\">registration@elsolfestival.pl<\/a>\u00a0specifying legibly, in the title, which right the User wishes to exercise. The Administrator, upon receipt of the message, will fulfill the request within 30 days.<\/p><p>8. Data storage<\/p><p>a.The period of data storage will not be shorter than the period specified in the applicable laws (special laws), i.e.: the Accounting Act, the Tax Ordinance, the Act on Pensions from the Social Insurance Fund, or the Act on the Social Insurance System.<\/p><p>b.Data of newsletter recipients will be stored until the request for their deletion,<\/p><ol><li>Customers\u2019 data will be stored until the expiration of the statute of limitations for claims under them.\u00a0<\/li><\/ol><p>The company undertakes to destroy temporarily created documents containing personal data (e.g. List of participants in a particular event or class) and to take care of data circulation and minimization in accordance with the procedures recorded in the Register of Processing Activities.<\/p><p>The Administrator shall apply technical and organizational measures to ensure the protection of the processed personal data appropriate to the risks and categories of protected data, and in particular shall protect the data from being accessed by unauthorized persons, from being taken by an unauthorized person, from being processed in violation of applicable regulations, and from being altered, lost, damaged or destroyed.<\/p><p>The Personal Data Controller hereby informs that he has not appointed a Data Protection Officer (DPO) and performs duties related to the processing of personal data independently.<\/p>\t\t\t\t\t\t<\/div>\n\t\t\t\t<\/div>\n\t\t\t\t\t<\/div>\n\t\t<\/div>\n\t\t\t\t\t\t\t<\/div>\n\t\t<\/section>\n\t\t\t\t\t<\/div>\n\t\t<\/div>\n\t\t\t\t\t\t\t<\/div>\n\t\t<\/section>\n\t\t\t\t<section class=\"elementor-section elementor-top-section elementor-element elementor-element-c4cbb91 elementor-section-boxed elementor-section-height-default elementor-section-height-default\" data-id=\"c4cbb91\" data-element_type=\"section\" data-settings=\"{&quot;jet_parallax_layout_list&quot;:[],&quot;background_background&quot;:&quot;classic&quot;}\">\n\t\t\t\t\t\t<div class=\"elementor-container elementor-column-gap-default\">\n\t\t\t\t\t<div class=\"elementor-column elementor-col-100 elementor-top-column elementor-element elementor-element-f6eebea\" data-id=\"f6eebea\" data-element_type=\"column\" data-settings=\"{&quot;background_background&quot;:&quot;classic&quot;}\">\n\t\t\t<div class=\"elementor-widget-wrap\">\n\t\t\t\t\t\t\t\t\t<\/div>\n\t\t<\/div>\n\t\t\t\t\t\t\t<\/div>\n\t\t<\/section>\n\t\t\t\t\t\t\t<\/div>\n\t\t","protected":false},"excerpt":{"rendered":"<p>Privacy Policy Have any questions? GO TO FAQ\u2019s or contact us info@elsolfestival.pl The administrator of the data is Chagowska Productions sp\u00f3\u0142ka z ograniczon\u0105 odpowiedzialno\u015bci\u0105 sp\u00f3\u0142ka komandytowa with its registered office in Warsaw, Ludwika Rydygiera 13\/294, 01-793 Warsaw, registered in the register of entrepreneurs kept by the District Court for the Capital City of Warsaw in &hellip;<\/p>\n<p class=\"read-more\"> <a class=\"\" href=\"https:\/\/elsolfestival.pl\/en\/privacy-policy\/\"> <span class=\"screen-reader-text\">Privacy policy<\/span> Read More &raquo;<\/a><\/p>\n","protected":false},"author":2,"featured_media":0,"parent":0,"menu_order":0,"comment_status":"closed","ping_status":"closed","template":"","meta":{"inline_featured_image":false,"site-sidebar-layout":"no-sidebar","site-content-layout":"page-builder","ast-site-content-layout":"default","site-content-style":"default","site-sidebar-style":"default","ast-global-header-display":"disabled","ast-banner-title-visibility":"","ast-main-header-display":"","ast-hfb-above-header-display":"","ast-hfb-below-header-display":"","ast-hfb-mobile-header-display":"","site-post-title":"disabled","ast-breadcrumbs-content":"","ast-featured-img":"disabled","footer-sml-layout":"","theme-transparent-header-meta":"","adv-header-id-meta":"","stick-header-meta":"","header-above-stick-meta":"","header-main-stick-meta":"","header-below-stick-meta":"","astra-migrate-meta-layouts":"","footnotes":""},"acf":[],"_links":{"self":[{"href":"https:\/\/elsolfestival.pl\/en\/wp-json\/wp\/v2\/pages\/3971"}],"collection":[{"href":"https:\/\/elsolfestival.pl\/en\/wp-json\/wp\/v2\/pages"}],"about":[{"href":"https:\/\/elsolfestival.pl\/en\/wp-json\/wp\/v2\/types\/page"}],"author":[{"embeddable":true,"href":"https:\/\/elsolfestival.pl\/en\/wp-json\/wp\/v2\/users\/2"}],"replies":[{"embeddable":true,"href":"https:\/\/elsolfestival.pl\/en\/wp-json\/wp\/v2\/comments?post=3971"}],"version-history":[{"count":0,"href":"https:\/\/elsolfestival.pl\/en\/wp-json\/wp\/v2\/pages\/3971\/revisions"}],"wp:attachment":[{"href":"https:\/\/elsolfestival.pl\/en\/wp-json\/wp\/v2\/media?parent=3971"}],"curies":[{"name":"wp","href":"https:\/\/api.w.org\/{rel}","templated":true}]}}