{"id":3664,"date":"2023-09-27T13:24:56","date_gmt":"2023-09-27T13:24:56","guid":{"rendered":"http:\/\/elsolfestival.pl\/travel-tips-cracow-katowcie-copy\/"},"modified":"2023-10-04T20:04:08","modified_gmt":"2023-10-04T18:04:08","slug":"travel-tips-katowice-pyrzowice","status":"publish","type":"page","link":"https:\/\/elsolfestival.pl\/pl\/hotele\/transport-publiczny\/porady-podroznicze-katowice-pyrzowice\/","title":{"rendered":"Wskaz\u00f3wki dotycz\u0105ce podr\u00f3\u017cy (lotnisko Katowice Pyrzowice - centrum miasta)"},"content":{"rendered":"<div data-elementor-type=\"wp-page\" data-elementor-id=\"3664\" class=\"elementor elementor-3664\" data-elementor-post-type=\"page\">\n\t\t\t\t\t\t\t\t\t<section class=\"elementor-section elementor-top-section elementor-element elementor-element-f21cb41 elementor-section-full_width elementor-section-height-min-height elementor-section-items-top elementor-section-height-default\" data-id=\"f21cb41\" data-element_type=\"section\" data-settings=\"{&quot;jet_parallax_layout_list&quot;:[],&quot;background_background&quot;:&quot;classic&quot;}\" data-e-bg-lazyload=\"\">\n\t\t\t\t\t\t<div class=\"elementor-container elementor-column-gap-default\">\n\t\t\t\t\t<div class=\"elementor-column elementor-col-100 elementor-top-column elementor-element elementor-element-9557a7f\" data-id=\"9557a7f\" data-element_type=\"column\">\n\t\t\t<div class=\"elementor-widget-wrap elementor-element-populated\">\n\t\t\t\t\t\t\t\t<section class=\"elementor-section elementor-inner-section elementor-element elementor-element-7d463b4 elementor-section-boxed elementor-section-height-default elementor-section-height-default\" data-id=\"7d463b4\" data-element_type=\"section\" data-settings=\"{&quot;jet_parallax_layout_list&quot;:[],&quot;background_background&quot;:&quot;classic&quot;}\">\n\t\t\t\t\t\t<div class=\"elementor-container elementor-column-gap-default\">\n\t\t\t\t\t<div class=\"elementor-column elementor-col-100 elementor-inner-column elementor-element elementor-element-822d704\" data-id=\"822d704\" data-element_type=\"column\">\n\t\t\t<div class=\"elementor-widget-wrap elementor-element-populated\">\n\t\t\t\t\t\t\t\t<div class=\"elementor-element elementor-element-da6f74a elementor-widget elementor-widget-heading\" data-id=\"da6f74a\" data-element_type=\"widget\" data-widget_type=\"heading.default\">\n\t\t\t\t<div class=\"elementor-widget-container\">\n\t\t\t<style>\/*! elementor - v3.16.0 - 20-09-2023 *\/\n.elementor-heading-title{padding:0;margin:0;line-height:1}.elementor-widget-heading .elementor-heading-title[class*=elementor-size-]>a{color:inherit;font-size:inherit;line-height:inherit}.elementor-widget-heading .elementor-heading-title.elementor-size-small{font-size:15px}.elementor-widget-heading .elementor-heading-title.elementor-size-medium{font-size:19px}.elementor-widget-heading .elementor-heading-title.elementor-size-large{font-size:29px}.elementor-widget-heading .elementor-heading-title.elementor-size-xl{font-size:39px}.elementor-widget-heading .elementor-heading-title.elementor-size-xxl{font-size:59px}<\/style><h2 class=\"elementor-heading-title elementor-size-default\">Wskaz\u00f3wki dotycz\u0105ce podr\u00f3\u017cy<\/h2>\t\t<\/div>\n\t\t\t\t<\/div>\n\t\t\t\t<div class=\"elementor-element elementor-element-eb63e0f elementor-widget elementor-widget-heading\" data-id=\"eb63e0f\" data-element_type=\"widget\" data-widget_type=\"heading.default\">\n\t\t\t\t<div class=\"elementor-widget-container\">\n\t\t\t<h1 class=\"elementor-heading-title elementor-size-default\">(Lotnisko Katowice Pyrzowice - Centrum miasta)<\/h1>\t\t<\/div>\n\t\t\t\t<\/div>\n\t\t\t\t\t<\/div>\n\t\t<\/div>\n\t\t\t\t\t\t\t<\/div>\n\t\t<\/section>\n\t\t\t\t<div class=\"elementor-element elementor-element-cfb3b23 elementor-widget__width-initial elementor-absolute elementor-hidden-mobile elementor-widget elementor-widget-image\" data-id=\"cfb3b23\" data-element_type=\"widget\" data-settings=\"{&quot;_position&quot;:&quot;absolute&quot;}\" data-widget_type=\"image.default\">\n\t\t\t\t<div class=\"elementor-widget-container\">\n\t\t\t<style>\/*! elementor - v3.16.0 - 20-09-2023 *\/\n.elementor-widget-image{text-align:center}.elementor-widget-image a{display:inline-block}.elementor-widget-image a img[src$=\".svg\"]{width:48px}.elementor-widget-image img{vertical-align:middle;display:inline-block}<\/style>\t\t\t\t\t\t\t\t\t\t\t\t<img decoding=\"async\" width=\"840\" height=\"1024\" src=\"https:\/\/elsolfestival.pl\/wp-content\/uploads\/2023\/09\/hotels-2.svg\" class=\"attachment-large size-large wp-image-2415\" alt=\"\" \/>\t\t\t\t\t\t\t\t\t\t\t\t\t\t\t<\/div>\n\t\t\t\t<\/div>\n\t\t\t\t<div class=\"elementor-element elementor-element-91b30d9 elementor-widget__width-initial elementor-absolute elementor-hidden-tablet elementor-widget elementor-widget-image\" data-id=\"91b30d9\" data-element_type=\"widget\" data-settings=\"{&quot;_position&quot;:&quot;absolute&quot;}\" data-widget_type=\"image.default\">\n\t\t\t\t<div class=\"elementor-widget-container\">\n\t\t\t\t\t\t\t\t\t\t\t\t\t\t\t<img decoding=\"async\" width=\"883\" height=\"1024\" src=\"https:\/\/elsolfestival.pl\/wp-content\/uploads\/2023\/09\/hotels-1.svg\" class=\"attachment-large size-large wp-image-2413\" alt=\"\" \/>\t\t\t\t\t\t\t\t\t\t\t\t\t\t\t<\/div>\n\t\t\t\t<\/div>\n\t\t\t\t\t<\/div>\n\t\t<\/div>\n\t\t\t\t\t\t\t<\/div>\n\t\t<\/section>\n\t\t\t\t<section class=\"elementor-section elementor-top-section elementor-element elementor-element-6fb8e4ad elementor-section-boxed elementor-section-height-default elementor-section-height-default\" data-id=\"6fb8e4ad\" data-element_type=\"section\" data-settings=\"{&quot;jet_parallax_layout_list&quot;:[],&quot;background_background&quot;:&quot;classic&quot;}\">\n\t\t\t\t\t\t<div class=\"elementor-container elementor-column-gap-default\">\n\t\t\t\t\t<div class=\"elementor-column elementor-col-100 elementor-top-column elementor-element elementor-element-d94300e\" data-id=\"d94300e\" data-element_type=\"column\" id=\"AIR\" data-settings=\"{&quot;background_background&quot;:&quot;classic&quot;}\">\n\t\t\t<div class=\"elementor-widget-wrap elementor-element-populated\">\n\t\t\t\t\t\t\t\t<section class=\"elementor-section elementor-inner-section elementor-element elementor-element-723cf67 elementor-hidden-mobile elementor-section-boxed elementor-section-height-default elementor-section-height-default\" data-id=\"723cf67\" data-element_type=\"section\" data-settings=\"{&quot;jet_parallax_layout_list&quot;:[],&quot;sticky&quot;:&quot;top&quot;,&quot;sticky_offset&quot;:100,&quot;sticky_parent&quot;:&quot;yes&quot;,&quot;sticky_on&quot;:[&quot;desktop&quot;,&quot;laptop&quot;,&quot;tablet&quot;,&quot;mobile&quot;],&quot;sticky_effects_offset&quot;:0}\">\n\t\t\t\t\t\t<div class=\"elementor-container elementor-column-gap-default\">\n\t\t\t\t\t<div class=\"elementor-column elementor-col-50 elementor-inner-column elementor-element elementor-element-fd75410\" data-id=\"fd75410\" data-element_type=\"column\">\n\t\t\t<div class=\"elementor-widget-wrap\">\n\t\t\t\t\t\t\t\t\t<\/div>\n\t\t<\/div>\n\t\t\t\t<div class=\"elementor-column elementor-col-50 elementor-inner-column elementor-element elementor-element-4e1546e\" data-id=\"4e1546e\" data-element_type=\"column\" data-settings=\"{&quot;background_background&quot;:&quot;classic&quot;}\" data-e-bg-lazyload=\".elementor-element-populated\">\n\t\t\t<div class=\"elementor-widget-wrap elementor-element-populated\">\n\t\t\t\t\t\t\t\t<div class=\"elementor-element elementor-element-dacdb9c elementor-widget elementor-widget-heading\" data-id=\"dacdb9c\" data-element_type=\"widget\" data-widget_type=\"heading.default\">\n\t\t\t\t<div class=\"elementor-widget-container\">\n\t\t\t<p class=\"elementor-heading-title elementor-size-default\">Masz jakie\u015b pytania?<\/p>\t\t<\/div>\n\t\t\t\t<\/div>\n\t\t\t\t<div class=\"elementor-element elementor-element-57e4138 elementor-widget__width-auto elementor-widget elementor-widget-button\" data-id=\"57e4138\" data-element_type=\"widget\" data-widget_type=\"button.default\">\n\t\t\t\t<div class=\"elementor-widget-container\">\n\t\t\t\t\t<div class=\"elementor-button-wrapper\">\n\t\t\t<a class=\"elementor-button elementor-button-link elementor-size-sm\" href=\"https:\/\/elsolfestival.pl\/pl\/faq\/\" id=\"purple\">\n\t\t\t\t\t\t<span class=\"elementor-button-content-wrapper\">\n\t\t\t\t\t\t<span class=\"elementor-button-icon elementor-align-icon-right\">\n\t\t\t\t<i aria-hidden=\"true\" class=\"fas fa-arrow-circle-right\"><\/i>\t\t\t<\/span>\n\t\t\t\t\t\t<span class=\"elementor-button-text\">przejd\u017a do cz\u0119sto zadawanych pyta\u0144<\/span>\n\t\t<\/span>\n\t\t\t\t\t<\/a>\n\t\t<\/div>\n\t\t\t\t<\/div>\n\t\t\t\t<\/div>\n\t\t\t\t<div class=\"elementor-element elementor-element-822e3e1 elementor-widget elementor-widget-heading\" data-id=\"822e3e1\" data-element_type=\"widget\" data-widget_type=\"heading.default\">\n\t\t\t\t<div class=\"elementor-widget-container\">\n\t\t\t<p class=\"elementor-heading-title elementor-size-default\">lub skontaktuj si\u0119 z nami<\/p>\t\t<\/div>\n\t\t\t\t<\/div>\n\t\t\t\t<div class=\"elementor-element elementor-element-321ce3c elementor-align-center elementor-tablet-align-center elementor-widget elementor-widget-button\" data-id=\"321ce3c\" data-element_type=\"widget\" data-widget_type=\"button.default\">\n\t\t\t\t<div class=\"elementor-widget-container\">\n\t\t\t\t\t<div class=\"elementor-button-wrapper\">\n\t\t\t<a class=\"elementor-button elementor-button-link elementor-size-sm\" href=\"mailto:info@elsolfestival.pl\">\n\t\t\t\t\t\t<span class=\"elementor-button-content-wrapper\">\n\t\t\t\t\t\t<span class=\"elementor-button-icon elementor-align-icon-left\">\n\t\t\t\t<i aria-hidden=\"true\" class=\"far fa-envelope\"><\/i>\t\t\t<\/span>\n\t\t\t\t\t\t<span class=\"elementor-button-text\">info@elsolfestival.pl<\/span>\n\t\t<\/span>\n\t\t\t\t\t<\/a>\n\t\t<\/div>\n\t\t\t\t<\/div>\n\t\t\t\t<\/div>\n\t\t\t\t\t<\/div>\n\t\t<\/div>\n\t\t\t\t\t\t\t<\/div>\n\t\t<\/section>\n\t\t\t\t<section class=\"elementor-section elementor-inner-section elementor-element elementor-element-ba749ca elementor-section-boxed elementor-section-height-default elementor-section-height-default\" data-id=\"ba749ca\" data-element_type=\"section\" data-settings=\"{&quot;jet_parallax_layout_list&quot;:[]}\">\n\t\t\t\t\t\t<div class=\"elementor-container elementor-column-gap-default\">\n\t\t\t\t\t<div class=\"elementor-column elementor-col-100 elementor-inner-column elementor-element elementor-element-76e1228\" data-id=\"76e1228\" data-element_type=\"column\">\n\t\t\t<div class=\"elementor-widget-wrap elementor-element-populated\">\n\t\t\t\t\t\t\t\t<div class=\"elementor-element elementor-element-849a83f elementor-widget elementor-widget-heading\" data-id=\"849a83f\" data-element_type=\"widget\" data-widget_type=\"heading.default\">\n\t\t\t\t<div class=\"elementor-widget-container\">\n\t\t\t<h2 class=\"elementor-heading-title elementor-size-default\">Jak dojecha\u0107 z lotniska Katowice Pyrzowice do centrum Katowic?<\/h2>\t\t<\/div>\n\t\t\t\t<\/div>\n\t\t\t\t<div class=\"elementor-element elementor-element-d69d434 elementor-widget elementor-widget-text-editor\" data-id=\"d69d434\" data-element_type=\"widget\" data-widget_type=\"text-editor.default\">\n\t\t\t\t<div class=\"elementor-widget-container\">\n\t\t\t<style>\/*! elementor - v3.16.0 - 20-09-2023 *\/\n.elementor-widget-text-editor.elementor-drop-cap-view-stacked .elementor-drop-cap{background-color:#69727d;color:#fff}.elementor-widget-text-editor.elementor-drop-cap-view-framed .elementor-drop-cap{color:#69727d;border:3px solid;background-color:transparent}.elementor-widget-text-editor:not(.elementor-drop-cap-view-default) .elementor-drop-cap{margin-top:8px}.elementor-widget-text-editor:not(.elementor-drop-cap-view-default) .elementor-drop-cap-letter{width:1em;height:1em}.elementor-widget-text-editor .elementor-drop-cap{float:left;text-align:center;line-height:1;font-size:50px}.elementor-widget-text-editor .elementor-drop-cap-letter{display:inline-block}<\/style>\t\t\t\t<p><strong>L\u0105dowanie na lotnisku Katowice Pyrzowice? Oto opcje dojazdu do centrum Katowic:<\/strong><br \/><br \/><strong>Opcja #1 Autobus miejski - linia AP<\/strong><br \/><br \/>1. Po przylocie na lotnisko Katowice Pyrzowice nale\u017cy uda\u0107 si\u0119 na przystanek autobusowy znajduj\u0105cy si\u0119 tu\u017c przed wej\u015bciem na lotnisko.<br \/><br \/>2. Kup bilet w automacie znajduj\u0105cym si\u0119 na przystanku autobusowym - kosztuje on 6 PLN (ok. 1,5 EUR). Mo\u017cna p\u0142aci\u0107 kart\u0105.<br \/>Kierowcy sprzedaj\u0105 bilety tylko za got\u00f3wk\u0119, je\u015bli masz dok\u0142adnie 6 z\u0142. Wy\u017cszych kwot nie przyjmuj\u0105 i nie wydaj\u0105 reszty. Akceptuj\u0105 tylko polskie z\u0142ote.\u00a0<br \/><br \/>3. Kierowca autobusu nie b\u0119dzie wymaga\u0142 okazania biletu, ale w przypadku kontroli nale\u017cy go okaza\u0107. Pami\u0119taj, aby skasowa\u0107 bilet po wej\u015bciu do autobusu.<br \/><br \/>4. Linia AP zatrzymuje si\u0119 przy Strefie Kultury (hotele Novotel i Ibis), przy Sokolskiej (hotel Vienna House, hotel B&amp;B i Park Inn - w przypadku Park Inn mo\u017cna si\u0119 tu przesi\u0105\u015b\u0107 do innego autobusu miejskiego na tym samym bilecie, przej\u015b\u0107 przez ulic\u0119 i wsi\u0105\u015b\u0107 do linii 30, 110, 168) oraz przy Dworcu PKP (dotyczy hoteli Mercure, Marriott, Diament).<br \/><br \/><strong>Opcja #2 - Prywatny autobus<\/strong><br \/><br \/>1. Zakup biletu z wyprzedzeniem (co najmniej 2 tygodnie przed planowan\u0105 dat\u0105 przyjazdu) za po\u015brednictwem nast\u0119puj\u0105cej strony internetowej:<br \/><br \/>https:\/\/www.matuszek.com.pl\/transfery.html<br \/><br \/>Cena biletu wynosi oko\u0142o 4-7 EUR w zale\u017cno\u015bci od dnia i godziny przyjazdu.<br \/><br \/>2. Po przyje\u017adzie do Katowic Pyrzowic nale\u017cy kierowa\u0107 si\u0119 na lini\u0119 przystank\u00f3w autobusowych i szuka\u0107 logo firmy Matuszek na przystankach autobusowych. Znajduje si\u0119 on obok przystanku autobus\u00f3w miejskich.<br \/><br \/>3. Kierowcy autobusu nale\u017cy okaza\u0107 potwierdzenie zakupu biletu online oraz dokument to\u017csamo\u015bci.<br \/><br \/>4. Firma Matuszek przyje\u017cd\u017ca na Dworzec PKP w Katowicach na \"plecach\".<br \/>Aby dosta\u0107 si\u0119 do centrum miasta, nale\u017cy wej\u015b\u0107 na dworzec kolejowy i przej\u015b\u0107 na drug\u0105 stron\u0119. 3 minuty pieszo.<\/p><p><strong>Opcja #3 - Taks\u00f3wka<\/strong><\/p><p>1. Dokonaj wst\u0119pnej rezerwacji podr\u00f3\u017cy za po\u015brednictwem poni\u017cszej strony internetowej.\u00a0<br \/>http:\/\/citytaxi.katowice.pl\/pl<br \/><br \/>Podaj jak najwi\u0119cej szczeg\u00f3\u0142\u00f3w, w tym numer lotu, je\u015bli masz baga\u017c rejestrowany lub tylko jeden. Je\u015bli jeste\u015b rezydentem spoza UE i b\u0119dziesz musia\u0142 przej\u015b\u0107 kontrol\u0119 graniczn\u0105 po przylocie, podaj r\u00f3wnie\u017c te informacje. Kierowca sprawdzi, czy nie ma \u017cadnych op\u00f3\u017anie\u0144 i oszacuje czas odbioru.<br \/>Kierowca b\u0119dzie czeka\u0142 w hali przylot\u00f3w z Twoim imieniem i nazwiskiem lub logo firmy taks\u00f3wkarskiej.<br \/><br \/>2. Cena przejazdu z lotniska Pyrzowice do centrum Katowic jest sta\u0142a i wynosi 150 PLN (ok. 34 EUR). Mo\u017cna p\u0142aci\u0107 kart\u0105 lub z\u0142ot\u00f3wkami. Wszystkie hotele El-Sol, z wyj\u0105tkiem Park-Inn, znajduj\u0105 si\u0119 w centrum miasta. W hotelu Park-Inn mo\u017ce zosta\u0107 naliczona dodatkowa op\u0142ata miejska.<br \/>Je\u015bli przyje\u017cd\u017casz z grup\u0105 powy\u017cej 3 os\u00f3b, popro\u015b o combi lub vana z dop\u0142at\u0105 w wysoko\u015bci 20 PLN.<\/p>\t\t\t\t\t\t<\/div>\n\t\t\t\t<\/div>\n\t\t\t\t\t<\/div>\n\t\t<\/div>\n\t\t\t\t\t\t\t<\/div>\n\t\t<\/section>\n\t\t\t\t\t<\/div>\n\t\t<\/div>\n\t\t\t\t\t\t\t<\/div>\n\t\t<\/section>\n\t\t\t\t<section class=\"elementor-section elementor-top-section elementor-element elementor-element-c4cbb91 elementor-section-boxed elementor-section-height-default elementor-section-height-default\" data-id=\"c4cbb91\" data-element_type=\"section\" data-settings=\"{&quot;jet_parallax_layout_list&quot;:[],&quot;background_background&quot;:&quot;classic&quot;}\">\n\t\t\t\t\t\t<div class=\"elementor-container elementor-column-gap-default\">\n\t\t\t\t\t<div class=\"elementor-column elementor-col-100 elementor-top-column elementor-element elementor-element-f6eebea\" data-id=\"f6eebea\" data-element_type=\"column\" data-settings=\"{&quot;background_background&quot;:&quot;classic&quot;}\">\n\t\t\t<div class=\"elementor-widget-wrap\">\n\t\t\t\t\t\t\t\t\t<\/div>\n\t\t<\/div>\n\t\t\t\t\t\t\t<\/div>\n\t\t<\/section>\n\t\t\t\t\t\t\t<\/div>","protected":false},"excerpt":{"rendered":"<p>Travel tips (Katowice Pyrzowice Airport &#8211; City Center) Have any questions? GO TO FAQ\u2019s or contact us info@elsolfestival.pl How to get from Katowice Pyrzowice Airport \u2028to Katowice City Center Landing in Katowice Pyrzowice Airport? These are you options getting to Katowice City Center: Option #1 City Bus &#8211; Line AP 1. Upon arriving to Katowice &hellip;<\/p>\n<p class=\"read-more\"> <a class=\"\" href=\"https:\/\/elsolfestival.pl\/pl\/hotele\/transport-publiczny\/porady-podroznicze-katowice-pyrzowice\/\"> <span class=\"screen-reader-text\">Wskaz\u00f3wki dotycz\u0105ce podr\u00f3\u017cy (lotnisko Katowice Pyrzowice - centrum miasta)<\/span> Czytaj wi\u0119cej \"<\/a><\/p>","protected":false},"author":2,"featured_media":0,"parent":3053,"menu_order":0,"comment_status":"closed","ping_status":"closed","template":"","meta":{"inline_featured_image":false,"site-sidebar-layout":"no-sidebar","site-content-layout":"page-builder","ast-site-content-layout":"default","site-content-style":"default","site-sidebar-style":"default","ast-global-header-display":"disabled","ast-banner-title-visibility":"","ast-main-header-display":"","ast-hfb-above-header-display":"","ast-hfb-below-header-display":"","ast-hfb-mobile-header-display":"","site-post-title":"disabled","ast-breadcrumbs-content":"","ast-featured-img":"disabled","footer-sml-layout":"","theme-transparent-header-meta":"","adv-header-id-meta":"","stick-header-meta":"","header-above-stick-meta":"","header-main-stick-meta":"","header-below-stick-meta":"","astra-migrate-meta-layouts":"","footnotes":""},"acf":[],"_links":{"self":[{"href":"https:\/\/elsolfestival.pl\/pl\/wp-json\/wp\/v2\/pages\/3664"}],"collection":[{"href":"https:\/\/elsolfestival.pl\/pl\/wp-json\/wp\/v2\/pages"}],"about":[{"href":"https:\/\/elsolfestival.pl\/pl\/wp-json\/wp\/v2\/types\/page"}],"author":[{"embeddable":true,"href":"https:\/\/elsolfestival.pl\/pl\/wp-json\/wp\/v2\/users\/2"}],"replies":[{"embeddable":true,"href":"https:\/\/elsolfestival.pl\/pl\/wp-json\/wp\/v2\/comments?post=3664"}],"version-history":[{"count":0,"href":"https:\/\/elsolfestival.pl\/pl\/wp-json\/wp\/v2\/pages\/3664\/revisions"}],"up":[{"embeddable":true,"href":"https:\/\/elsolfestival.pl\/pl\/wp-json\/wp\/v2\/pages\/3053"}],"wp:attachment":[{"href":"https:\/\/elsolfestival.pl\/pl\/wp-json\/wp\/v2\/media?parent=3664"}],"curies":[{"name":"wp","href":"https:\/\/api.w.org\/{rel}","templated":true}]}}