{"id":3971,"date":"2023-09-27T18:32:17","date_gmt":"2023-09-27T18:32:17","guid":{"rendered":"http:\/\/elsolfestival.pl\/?page_id=3971"},"modified":"2023-10-04T20:07:31","modified_gmt":"2023-10-04T18:07:31","slug":"privacy-policy","status":"publish","type":"page","link":"https:\/\/elsolfestival.pl\/pl\/polityka-prywatnosci-2\/","title":{"rendered":"Polityka prywatno\u015bci"},"content":{"rendered":"<div data-elementor-type=\"wp-page\" data-elementor-id=\"3971\" class=\"elementor elementor-3971\" data-elementor-post-type=\"page\">\n\t\t\t\t\t\t\t\t\t<section class=\"elementor-section elementor-top-section elementor-element elementor-element-f21cb41 elementor-section-full_width elementor-section-height-min-height elementor-section-items-top elementor-section-height-default\" data-id=\"f21cb41\" data-element_type=\"section\" data-settings=\"{&quot;jet_parallax_layout_list&quot;:[],&quot;background_background&quot;:&quot;classic&quot;}\" data-e-bg-lazyload=\"\">\n\t\t\t\t\t\t<div class=\"elementor-container elementor-column-gap-default\">\n\t\t\t\t\t<div class=\"elementor-column elementor-col-100 elementor-top-column elementor-element elementor-element-9557a7f\" data-id=\"9557a7f\" data-element_type=\"column\">\n\t\t\t<div class=\"elementor-widget-wrap elementor-element-populated\">\n\t\t\t\t\t\t\t\t<section class=\"elementor-section elementor-inner-section elementor-element elementor-element-7d463b4 elementor-section-boxed elementor-section-height-default elementor-section-height-default\" data-id=\"7d463b4\" data-element_type=\"section\" data-settings=\"{&quot;jet_parallax_layout_list&quot;:[],&quot;background_background&quot;:&quot;classic&quot;}\">\n\t\t\t\t\t\t<div class=\"elementor-container elementor-column-gap-default\">\n\t\t\t\t\t<div class=\"elementor-column elementor-col-100 elementor-inner-column elementor-element elementor-element-822d704\" data-id=\"822d704\" data-element_type=\"column\">\n\t\t\t<div class=\"elementor-widget-wrap elementor-element-populated\">\n\t\t\t\t\t\t\t\t<div class=\"elementor-element elementor-element-da6f74a elementor-widget elementor-widget-heading\" data-id=\"da6f74a\" data-element_type=\"widget\" data-widget_type=\"heading.default\">\n\t\t\t\t<div class=\"elementor-widget-container\">\n\t\t\t<style>\/*! elementor - v3.16.0 - 20-09-2023 *\/\n.elementor-heading-title{padding:0;margin:0;line-height:1}.elementor-widget-heading .elementor-heading-title[class*=elementor-size-]>a{color:inherit;font-size:inherit;line-height:inherit}.elementor-widget-heading .elementor-heading-title.elementor-size-small{font-size:15px}.elementor-widget-heading .elementor-heading-title.elementor-size-medium{font-size:19px}.elementor-widget-heading .elementor-heading-title.elementor-size-large{font-size:29px}.elementor-widget-heading .elementor-heading-title.elementor-size-xl{font-size:39px}.elementor-widget-heading .elementor-heading-title.elementor-size-xxl{font-size:59px}<\/style><h1 class=\"elementor-heading-title elementor-size-default\">Polityka prywatno\u015bci<\/h1>\t\t<\/div>\n\t\t\t\t<\/div>\n\t\t\t\t\t<\/div>\n\t\t<\/div>\n\t\t\t\t\t\t\t<\/div>\n\t\t<\/section>\n\t\t\t\t<div class=\"elementor-element elementor-element-cfb3b23 elementor-widget__width-initial elementor-absolute elementor-hidden-mobile elementor-widget elementor-widget-image\" data-id=\"cfb3b23\" data-element_type=\"widget\" data-settings=\"{&quot;_position&quot;:&quot;absolute&quot;}\" data-widget_type=\"image.default\">\n\t\t\t\t<div class=\"elementor-widget-container\">\n\t\t\t<style>\/*! elementor - v3.16.0 - 20-09-2023 *\/\n.elementor-widget-image{text-align:center}.elementor-widget-image a{display:inline-block}.elementor-widget-image a img[src$=\".svg\"]{width:48px}.elementor-widget-image img{vertical-align:middle;display:inline-block}<\/style>\t\t\t\t\t\t\t\t\t\t\t\t<img decoding=\"async\" width=\"840\" height=\"1024\" src=\"https:\/\/elsolfestival.pl\/wp-content\/uploads\/2023\/09\/hotels-2.svg\" class=\"attachment-large size-large wp-image-2415\" alt=\"\" \/>\t\t\t\t\t\t\t\t\t\t\t\t\t\t\t<\/div>\n\t\t\t\t<\/div>\n\t\t\t\t<div class=\"elementor-element elementor-element-91b30d9 elementor-widget__width-initial elementor-absolute elementor-hidden-tablet elementor-widget elementor-widget-image\" data-id=\"91b30d9\" data-element_type=\"widget\" data-settings=\"{&quot;_position&quot;:&quot;absolute&quot;}\" data-widget_type=\"image.default\">\n\t\t\t\t<div class=\"elementor-widget-container\">\n\t\t\t\t\t\t\t\t\t\t\t\t\t\t\t<img decoding=\"async\" width=\"883\" height=\"1024\" src=\"https:\/\/elsolfestival.pl\/wp-content\/uploads\/2023\/09\/hotels-1.svg\" class=\"attachment-large size-large wp-image-2413\" alt=\"\" \/>\t\t\t\t\t\t\t\t\t\t\t\t\t\t\t<\/div>\n\t\t\t\t<\/div>\n\t\t\t\t\t<\/div>\n\t\t<\/div>\n\t\t\t\t\t\t\t<\/div>\n\t\t<\/section>\n\t\t\t\t<section class=\"elementor-section elementor-top-section elementor-element elementor-element-6fb8e4ad elementor-section-boxed elementor-section-height-default elementor-section-height-default\" data-id=\"6fb8e4ad\" data-element_type=\"section\" data-settings=\"{&quot;jet_parallax_layout_list&quot;:[],&quot;background_background&quot;:&quot;classic&quot;}\">\n\t\t\t\t\t\t<div class=\"elementor-container elementor-column-gap-default\">\n\t\t\t\t\t<div class=\"elementor-column elementor-col-100 elementor-top-column elementor-element elementor-element-d94300e\" data-id=\"d94300e\" data-element_type=\"column\" id=\"AIR\" data-settings=\"{&quot;background_background&quot;:&quot;classic&quot;}\">\n\t\t\t<div class=\"elementor-widget-wrap elementor-element-populated\">\n\t\t\t\t\t\t\t\t<section class=\"elementor-section elementor-inner-section elementor-element elementor-element-723cf67 elementor-hidden-mobile elementor-section-boxed elementor-section-height-default elementor-section-height-default\" data-id=\"723cf67\" data-element_type=\"section\" data-settings=\"{&quot;jet_parallax_layout_list&quot;:[],&quot;sticky&quot;:&quot;top&quot;,&quot;sticky_offset&quot;:100,&quot;sticky_parent&quot;:&quot;yes&quot;,&quot;sticky_on&quot;:[&quot;desktop&quot;,&quot;laptop&quot;,&quot;tablet&quot;,&quot;mobile&quot;],&quot;sticky_effects_offset&quot;:0}\">\n\t\t\t\t\t\t<div class=\"elementor-container elementor-column-gap-default\">\n\t\t\t\t\t<div class=\"elementor-column elementor-col-50 elementor-inner-column elementor-element elementor-element-fd75410\" data-id=\"fd75410\" data-element_type=\"column\">\n\t\t\t<div class=\"elementor-widget-wrap\">\n\t\t\t\t\t\t\t\t\t<\/div>\n\t\t<\/div>\n\t\t\t\t<div class=\"elementor-column elementor-col-50 elementor-inner-column elementor-element elementor-element-4e1546e\" data-id=\"4e1546e\" data-element_type=\"column\" data-settings=\"{&quot;background_background&quot;:&quot;classic&quot;}\">\n\t\t\t<div class=\"elementor-widget-wrap elementor-element-populated\">\n\t\t\t\t\t\t\t\t<div class=\"elementor-element elementor-element-dacdb9c elementor-widget elementor-widget-heading\" data-id=\"dacdb9c\" data-element_type=\"widget\" data-widget_type=\"heading.default\">\n\t\t\t\t<div class=\"elementor-widget-container\">\n\t\t\t<p class=\"elementor-heading-title elementor-size-default\">Masz jakie\u015b pytania?<\/p>\t\t<\/div>\n\t\t\t\t<\/div>\n\t\t\t\t<div class=\"elementor-element elementor-element-57e4138 elementor-widget__width-auto elementor-widget elementor-widget-button\" data-id=\"57e4138\" data-element_type=\"widget\" data-widget_type=\"button.default\">\n\t\t\t\t<div class=\"elementor-widget-container\">\n\t\t\t\t\t<div class=\"elementor-button-wrapper\">\n\t\t\t<a class=\"elementor-button elementor-button-link elementor-size-sm\" href=\"https:\/\/elsolfestival.pl\/pl\/faq\/\" id=\"purple\">\n\t\t\t\t\t\t<span class=\"elementor-button-content-wrapper\">\n\t\t\t\t\t\t<span class=\"elementor-button-icon elementor-align-icon-right\">\n\t\t\t\t<i aria-hidden=\"true\" class=\"fas fa-arrow-circle-right\"><\/i>\t\t\t<\/span>\n\t\t\t\t\t\t<span class=\"elementor-button-text\">przejd\u017a do cz\u0119sto zadawanych pyta\u0144<\/span>\n\t\t<\/span>\n\t\t\t\t\t<\/a>\n\t\t<\/div>\n\t\t\t\t<\/div>\n\t\t\t\t<\/div>\n\t\t\t\t<div class=\"elementor-element elementor-element-822e3e1 elementor-widget elementor-widget-heading\" data-id=\"822e3e1\" data-element_type=\"widget\" data-widget_type=\"heading.default\">\n\t\t\t\t<div class=\"elementor-widget-container\">\n\t\t\t<p class=\"elementor-heading-title elementor-size-default\">lub skontaktuj si\u0119 z nami<\/p>\t\t<\/div>\n\t\t\t\t<\/div>\n\t\t\t\t<div class=\"elementor-element elementor-element-321ce3c elementor-align-center elementor-tablet-align-center elementor-widget elementor-widget-button\" data-id=\"321ce3c\" data-element_type=\"widget\" data-widget_type=\"button.default\">\n\t\t\t\t<div class=\"elementor-widget-container\">\n\t\t\t\t\t<div class=\"elementor-button-wrapper\">\n\t\t\t<a class=\"elementor-button elementor-button-link elementor-size-sm\" href=\"mailto:info@elsolfestival.pl\">\n\t\t\t\t\t\t<span class=\"elementor-button-content-wrapper\">\n\t\t\t\t\t\t<span class=\"elementor-button-icon elementor-align-icon-left\">\n\t\t\t\t<i aria-hidden=\"true\" class=\"far fa-envelope\"><\/i>\t\t\t<\/span>\n\t\t\t\t\t\t<span class=\"elementor-button-text\">info@elsolfestival.pl<\/span>\n\t\t<\/span>\n\t\t\t\t\t<\/a>\n\t\t<\/div>\n\t\t\t\t<\/div>\n\t\t\t\t<\/div>\n\t\t\t\t\t<\/div>\n\t\t<\/div>\n\t\t\t\t\t\t\t<\/div>\n\t\t<\/section>\n\t\t\t\t<section class=\"elementor-section elementor-inner-section elementor-element elementor-element-ba749ca elementor-section-boxed elementor-section-height-default elementor-section-height-default\" data-id=\"ba749ca\" data-element_type=\"section\" data-settings=\"{&quot;jet_parallax_layout_list&quot;:[]}\">\n\t\t\t\t\t\t<div class=\"elementor-container elementor-column-gap-default\">\n\t\t\t\t\t<div class=\"elementor-column elementor-col-100 elementor-inner-column elementor-element elementor-element-76e1228\" data-id=\"76e1228\" data-element_type=\"column\">\n\t\t\t<div class=\"elementor-widget-wrap elementor-element-populated\">\n\t\t\t\t\t\t\t\t<div class=\"elementor-element elementor-element-d69d434 elementor-widget elementor-widget-text-editor\" data-id=\"d69d434\" data-element_type=\"widget\" data-widget_type=\"text-editor.default\">\n\t\t\t\t<div class=\"elementor-widget-container\">\n\t\t\t<style>\/*! elementor - v3.16.0 - 20-09-2023 *\/\n.elementor-widget-text-editor.elementor-drop-cap-view-stacked .elementor-drop-cap{background-color:#69727d;color:#fff}.elementor-widget-text-editor.elementor-drop-cap-view-framed .elementor-drop-cap{color:#69727d;border:3px solid;background-color:transparent}.elementor-widget-text-editor:not(.elementor-drop-cap-view-default) .elementor-drop-cap{margin-top:8px}.elementor-widget-text-editor:not(.elementor-drop-cap-view-default) .elementor-drop-cap-letter{width:1em;height:1em}.elementor-widget-text-editor .elementor-drop-cap{float:left;text-align:center;line-height:1;font-size:50px}.elementor-widget-text-editor .elementor-drop-cap-letter{display:inline-block}<\/style>\t\t\t\t<ol><li aria-level=\"1\">Administratorem danych jest Chagowska Productions sp\u00f3\u0142ka z ograniczon\u0105 odpowiedzialno\u015bci\u0105 sp\u00f3\u0142ka komandytowa z siedzib\u0105 w Warszawie, ul. Ludwika Rydygiera 13\/294, 01-793 Warszawa, wpisana do rejestru przedsi\u0119biorc\u00f3w prowadzonego przez S\u0105d Rejonowy dla m.st. Warszawy w Warszawie, XII Wydzia\u0142 Gospodarczy Krajowego Rejestru S\u0105dowego pod numerem KRS: 0000562649, NIP: 5252621566, REGON: 36176909200000, prowadz\u0105ca stron\u0119 internetow\u0105 pod adresem:\u00a0<a href=\"https:\/\/elsolfestival.pl\/pl\/\">www.elsolfestival.pl<\/a>\u00a0 (dalej: \"Sp\u00f3\u0142ka\").<\/li><li aria-level=\"1\">Podanie jakichkolwiek danych osobowych jest dobrowolne, jednak\u017ce niezb\u0119dne do realizacji celu lub podj\u0119cia dzia\u0142a\u0144 zwi\u0105zanych z podaniem tych danych.<\/li><li aria-level=\"1\">Administrator przetwarza nast\u0119puj\u0105ce dane Us\u0142ugobiorc\u00f3w:<\/li><\/ol><p>nazwisko i imiona,<\/p><p>Adres e-mail,<\/p><p>telefon,<\/p><p>adres zamieszkania i kod pocztowy,<\/p><p>wiek,<\/p><p>aktywno\u015b\u0107 w odniesieniu do poszczeg\u00f3lnych projekt\u00f3w,<\/p><p>aktywno\u015b\u0107 w zwi\u0105zku z korzystaniem z okre\u015blonych us\u0142ug,<\/p><p>niezb\u0119dne dane zdrowotne zwi\u0105zane z realizacj\u0105 us\u0142ugi,<\/p><p>dane osobowe lub informacje, kt\u00f3re jeste\u015bmy zobowi\u0105zani gromadzi\u0107 na mocy obowi\u0105zuj\u0105cych przepis\u00f3w prawa, zalece\u0144 lub wytycznych.<\/p><p>\u00a0<\/p><p>W przypadku, gdy uczestnikiem serwisu jest dziecko, przetwarzane s\u0105 dane zar\u00f3wno dzieci, jak i ich rodzic\u00f3w. Administrator przetwarza r\u00f3wnie\u017c adres e-mail, numer telefonu oraz imi\u0119 i nazwisko odbiorcy newslettera. W przypadku pracownik\u00f3w zbi\u00f3r przetwarzanych danych wynika z regulaminu pracowniczego.<\/p><p>4. Na podstawie art. 6 Rozporz\u0105dzenia Parlamentu Europejskiego i Rady (UE) 2016\/679 z dnia 27.04.2016 r. w sprawie ochrony os\u00f3b fizycznych w zwi\u0105zku z przetwarzaniem danych osobowych i w sprawie swobodnego przep\u0142ywu takich danych oraz uchylenia dyrektywy 95\/46\/WE (og\u00f3lne rozporz\u0105dzenie o ochronie danych) - RODO, podstaw\u0105 przetwarzania danych osobowych przez Administratora jest zgoda U\u017cytkownik\u00f3w, obowi\u0105zek prawny oraz wykonanie umowy.<\/p><p><br \/>5<strong>.<\/strong>\u00a0Cele przetwarzania danych:<\/p><ul><li aria-level=\"1\">sprzeda\u017cy oferowanych Us\u0142ug i produkt\u00f3w (art. 6 ust. 1 lit. b RODO),<\/li><li aria-level=\"1\">Nale\u017cytego wykonania um\u00f3w zawartych z Chagowska Productions (art. 6 ust. 1 lit. b RODO),<\/li><li aria-level=\"1\">dostarczanie informacji i przesy\u0142ek reklamowych, na kt\u00f3re u\u017cytkownik wyrazi\u0142 zgod\u0119 (art. 6 ust. 1 lit. a) RODO),<\/li><li aria-level=\"1\">organizowanie wycieczek, warsztat\u00f3w, konferencji, spotka\u0144, wydarze\u0144 sportowych i edukacyjnych (art. 6 ust. 1 lit. b RODO),<\/li><li aria-level=\"1\">Organizacja zaj\u0119\u0107 sportowych (art. 6 ust. 1 lit. b) RODO),<\/li><li aria-level=\"1\">dzia\u0142ania zwi\u0105zane ze sportem i zdrowym trybem \u017cycia,<\/li><li aria-level=\"1\">zapewnienie bezpiecze\u0144stwa zdrowotnego klient\u00f3w i pracownik\u00f3w,<\/li><li aria-level=\"1\">bie\u017c\u0105ca komunikacja informacyjna, edukacyjna i reklamowa z odbiorcami<\/li><\/ul><p><br \/>6. Wszyscy cz\u0142onkowie zespo\u0142u Sp\u00f3\u0142ki maj\u0105 dost\u0119p do danych osobowych. Dost\u0119p do poszczeg\u00f3lnych kategorii os\u00f3b jest oddzielony poprzez ograniczenie technicznych uprawnie\u0144 do dost\u0119pu do udost\u0119pnionego dysku lub folderu. Podobnie dokumenty s\u0105 fizycznie zabezpieczone w zamykanych szafach. List\u0119 podmiot\u00f3w zewn\u0119trznych maj\u0105cych dost\u0119p do danych osobowych mo\u017cna znale\u017a\u0107 tutaj (<a href=\"https:\/\/docs.google.com\/document\/d\/1Uh9yYBI2B_9DB_TNCCK8nh8tB5hAQjbNQc0NQ79PzQA\/edit\" rel=\"nofollow noopener\" target=\"_blank\">https:\/\/docs.google.com\/document\/d\/1Uh9yYBI2B_9DB_TNCCK8nh8tB5hAQjbNQc0NQ79PzQA\/edit<\/a>)<\/p><p>Polityki prywatno\u015bci ka\u017cdego z tych podmiot\u00f3w znajduj\u0105 si\u0119 na ich stronach podanych w linku powy\u017cej.<\/p><p>Powy\u017csze podmioty gwarantuj\u0105 przestrzeganie Rozporz\u0105dzenia lub standard\u00f3w analogicznych do Rozporz\u0105dzenia w zakresie ochrony danych osobowych, a korzystanie przez Administratora z ich technologii przy przetwarzaniu danych osobowych jest zgodne z prawem. Podmioty zawar\u0142y umowy powierzenia, g\u0142\u00f3wnie w formie aktualizacji swoich regulamin\u00f3w.<\/p><p>Administrator nie b\u0119dzie sprzedawa\u0142 ani przekazywa\u0142 danych osobowych klient\u00f3w innym podmiotom ni\u017c wskazane w linku.<\/p><p>7. U\u017cytkownik przyjmuje do wiadomo\u015bci, \u017ce jego dane osobowe mog\u0105 by\u0107 przekazywane uprawnionym organom pa\u0144stwa w zwi\u0105zku z prowadzonymi przez nie post\u0119powaniami, na ich \u017c\u0105danie i po spe\u0142nieniu przes\u0142anek potwierdzaj\u0105cych konieczno\u015b\u0107 uzyskania od nas takich danych.<\/p><ol><li aria-level=\"1\">U\u017cytkownik korzysta z nast\u0119puj\u0105cych praw:<\/li><\/ol><ol><li>Prawo do cofni\u0119cia zgody - cofni\u0119cie zgody mo\u017ce jednak uniemo\u017cliwi\u0107 dalsze korzystanie z us\u0142ug, kt\u00f3re zgodnie z prawem Administrator mo\u017ce \u015bwiadczy\u0107 jedynie za zgod\u0105. Ponadto cofni\u0119cie zgody nie powoduje, \u017ce przetwarzanie danych osobowych jest niezgodne z prawem do momentu cofni\u0119cia zgody.<\/li><li>Prawo do wniesienia sprzeciwu wobec wykorzystania danych - je\u017celi Administrator przetwarza dane na podstawie prawnie uzasadnionego interesu, Czytelnik mo\u017ce wnie\u015b\u0107 sprzeciw wobec ich wykorzystania. Je\u017celi sprzeciw oka\u017ce si\u0119 zasadny i Administrator nie b\u0119dzie mia\u0142 innej podstawy prawnej do przetwarzania danych - usunie dane obj\u0119te sprzeciwem.<\/li><li>Prawo do usuni\u0119cia danych (\"prawo do bycia zapomnianym\") - Administrator na \u017c\u0105danie usunie dane w przypadku cofni\u0119cia zgody, wniesienia uzasadnionego sprzeciwu wobec wykorzystania do cel\u00f3w marketingowych lub statystycznych, przetwarzania niezgodnego z prawem lub gdy nie s\u0105 ju\u017c niezb\u0119dne do cel\u00f3w, w kt\u00f3rych zosta\u0142y zebrane lub w kt\u00f3rych by\u0142y przetwarzane. Administrator zastrzega, \u017ce mo\u017ce zachowa\u0107 pewne dane osobowe w zakresie niezb\u0119dnym do archiwizacji lub ustalenia, dochodzenia lub obrony roszcze\u0144 oraz stosunk\u00f3w z organami pa\u0144stwowymi.<\/li><li>Prawo do ograniczenia przetwarzania danych - w przypadku zakwestionowania dok\u0142adno\u015bci danych oraz zgodno\u015bci z prawem lub konieczno\u015bci ich przetwarzania i wniesienia sprzeciwu.<\/li><li>Prawo dost\u0119pu do danych - Administrator zobowi\u0105zuje si\u0119 do potwierdzenia przetwarzania danych osobowych, je\u017celi ma ono miejsce. W takim przypadku U\u017cytkownik ma mo\u017cliwo\u015b\u0107 uzyskania kopii danych oraz dost\u0119pu do nich, a tak\u017ce uzyskania informacji w nich zawartych oraz innych \u017c\u0105danych.<\/li><li>Prawo do sprostowania danych - Administrator, na \u017c\u0105danie U\u017cytkownika lub Klienta, zobowi\u0105zuje si\u0119 do sprostowania danych (w przypadku danych nieprawid\u0142owych) oraz uzupe\u0142nienia danych (w przypadku danych niekompletnych).<\/li><li>Prawo do przenoszenia danych - na \u017c\u0105danie U\u017cytkownika lub Klienta Administrator prze\u015ble w formie pliku w formacie pdf lub innym ustalonym formacie dane osobowe \u017c\u0105daj\u0105cemu lub bezpo\u015brednio innemu Administratorowi wskazanemu przez U\u017cytkownika lub Klienta.<\/li><li>Ponadto u\u017cytkownikowi przys\u0142uguje prawo wniesienia skargi do Prezesa Urz\u0119du Ochrony Danych Osobowych.<\/li><\/ol><p>\u00a0Administrator zapewnia realizacj\u0119 praw poprzez wys\u0142anie wiadomo\u015bci e-mail na adres\u00a0<a href=\"mailto:registration@elsolfestival.pl\">registration@elsolfestival.pl<\/a>\u00a0wskazuj\u0105c czytelnie w tytule, z jakiego prawa U\u017cytkownik chce skorzysta\u0107. Administrator po otrzymaniu wiadomo\u015bci spe\u0142ni \u017c\u0105danie w terminie 30 dni.<\/p><p>8. Przechowywanie danych<\/p><p>a.Okres przechowywania danych nie b\u0119dzie kr\u00f3tszy ni\u017c okres wskazany w obowi\u0105zuj\u0105cych przepisach prawa (ustawach szczeg\u00f3lnych), tj.: ustawie o rachunkowo\u015bci, ordynacji podatkowej, ustawie o emeryturach i rentach z Funduszu Ubezpiecze\u0144 Spo\u0142ecznych lub ustawie o systemie ubezpiecze\u0144 spo\u0142ecznych.<\/p><p>b. Dane odbiorc\u00f3w newslettera b\u0119d\u0105 przechowywane do momentu z\u0142o\u017cenia wniosku o ich usuni\u0119cie,<\/p><ol><li>Dane klient\u00f3w b\u0119d\u0105 przechowywane do czasu up\u0142ywu okresu przedawnienia roszcze\u0144 z ich tytu\u0142u.\u00a0<\/li><\/ol><p>Firma zobowi\u0105zuje si\u0119 do niszczenia tymczasowo utworzonych dokument\u00f3w zawieraj\u0105cych dane osobowe (np. Lista uczestnik\u00f3w danego wydarzenia lub zaj\u0119\u0107) oraz do dbania o obieg i minimalizacj\u0119 danych zgodnie z procedurami zapisanymi w Rejestrze Czynno\u015bci Przetwarzania.<\/p><p>Administrator stosuje \u015brodki techniczne i organizacyjne zapewniaj\u0105ce ochron\u0119 przetwarzanych danych osobowych odpowiedni\u0105 do zagro\u017ce\u0144 oraz kategorii danych obj\u0119tych ochron\u0105, a w szczeg\u00f3lno\u015bci zabezpiecza dane przed ich udost\u0119pnieniem osobom nieupowa\u017cnionym, zabraniem przez osob\u0119 nieuprawnion\u0105, przetwarzaniem z naruszeniem obowi\u0105zuj\u0105cych przepis\u00f3w oraz zmian\u0105, utrat\u0105, uszkodzeniem lub zniszczeniem.<\/p><p>Administrator Danych Osobowych informuje, \u017ce nie powo\u0142a\u0142 Inspektora Ochrony Danych (IOD) i wykonuje obowi\u0105zki zwi\u0105zane z przetwarzaniem danych osobowych samodzielnie.<\/p>\t\t\t\t\t\t<\/div>\n\t\t\t\t<\/div>\n\t\t\t\t\t<\/div>\n\t\t<\/div>\n\t\t\t\t\t\t\t<\/div>\n\t\t<\/section>\n\t\t\t\t\t<\/div>\n\t\t<\/div>\n\t\t\t\t\t\t\t<\/div>\n\t\t<\/section>\n\t\t\t\t<section class=\"elementor-section elementor-top-section elementor-element elementor-element-c4cbb91 elementor-section-boxed elementor-section-height-default elementor-section-height-default\" data-id=\"c4cbb91\" data-element_type=\"section\" data-settings=\"{&quot;jet_parallax_layout_list&quot;:[],&quot;background_background&quot;:&quot;classic&quot;}\">\n\t\t\t\t\t\t<div class=\"elementor-container elementor-column-gap-default\">\n\t\t\t\t\t<div class=\"elementor-column elementor-col-100 elementor-top-column elementor-element elementor-element-f6eebea\" data-id=\"f6eebea\" data-element_type=\"column\" data-settings=\"{&quot;background_background&quot;:&quot;classic&quot;}\">\n\t\t\t<div class=\"elementor-widget-wrap\">\n\t\t\t\t\t\t\t\t\t<\/div>\n\t\t<\/div>\n\t\t\t\t\t\t\t<\/div>\n\t\t<\/section>\n\t\t\t\t\t\t\t<\/div>","protected":false},"excerpt":{"rendered":"<p>Privacy Policy Have any questions? GO TO FAQ\u2019s or contact us info@elsolfestival.pl The administrator of the data is Chagowska Productions sp\u00f3\u0142ka z ograniczon\u0105 odpowiedzialno\u015bci\u0105 sp\u00f3\u0142ka komandytowa with its registered office in Warsaw, Ludwika Rydygiera 13\/294, 01-793 Warsaw, registered in the register of entrepreneurs kept by the District Court for the Capital City of Warsaw in &hellip;<\/p>\n<p class=\"read-more\"> <a class=\"\" href=\"https:\/\/elsolfestival.pl\/pl\/polityka-prywatnosci-2\/\"> <span class=\"screen-reader-text\">Polityka prywatno\u015bci<\/span> Czytaj wi\u0119cej \"<\/a><\/p>","protected":false},"author":2,"featured_media":0,"parent":0,"menu_order":0,"comment_status":"closed","ping_status":"closed","template":"","meta":{"inline_featured_image":false,"site-sidebar-layout":"no-sidebar","site-content-layout":"page-builder","ast-site-content-layout":"default","site-content-style":"default","site-sidebar-style":"default","ast-global-header-display":"disabled","ast-banner-title-visibility":"","ast-main-header-display":"","ast-hfb-above-header-display":"","ast-hfb-below-header-display":"","ast-hfb-mobile-header-display":"","site-post-title":"disabled","ast-breadcrumbs-content":"","ast-featured-img":"disabled","footer-sml-layout":"","theme-transparent-header-meta":"","adv-header-id-meta":"","stick-header-meta":"","header-above-stick-meta":"","header-main-stick-meta":"","header-below-stick-meta":"","astra-migrate-meta-layouts":"","footnotes":""},"acf":[],"_links":{"self":[{"href":"https:\/\/elsolfestival.pl\/pl\/wp-json\/wp\/v2\/pages\/3971"}],"collection":[{"href":"https:\/\/elsolfestival.pl\/pl\/wp-json\/wp\/v2\/pages"}],"about":[{"href":"https:\/\/elsolfestival.pl\/pl\/wp-json\/wp\/v2\/types\/page"}],"author":[{"embeddable":true,"href":"https:\/\/elsolfestival.pl\/pl\/wp-json\/wp\/v2\/users\/2"}],"replies":[{"embeddable":true,"href":"https:\/\/elsolfestival.pl\/pl\/wp-json\/wp\/v2\/comments?post=3971"}],"version-history":[{"count":0,"href":"https:\/\/elsolfestival.pl\/pl\/wp-json\/wp\/v2\/pages\/3971\/revisions"}],"wp:attachment":[{"href":"https:\/\/elsolfestival.pl\/pl\/wp-json\/wp\/v2\/media?parent=3971"}],"curies":[{"name":"wp","href":"https:\/\/api.w.org\/{rel}","templated":true}]}}